{"id":64,"date":"2018-03-10T21:45:00","date_gmt":"2018-03-10T21:45:00","guid":{"rendered":"https:\/\/womencourage.acm.org\/2026\/?page_id=64"},"modified":"2026-04-10T09:35:37","modified_gmt":"2026-04-10T09:35:37","slug":"our-team","status":"publish","type":"page","link":"https:\/\/womencourage.acm.org\/2026\/index.php\/our-team\/","title":{"rendered":"Our team"},"content":{"rendered":"<h2 style=\"text-align: center;\"><strong>womENcourage<sup>TM<\/sup> Steering Committee<\/strong><\/h2>\n<table style=\"margin: auto; width: 1100px;\">\n<tbody>\n<tr>\n<td style=\"background-color: #ffffff; border-bottom: 2px solid #ddd; border-top: 2px solid #ddd; width: 850px;\">Dorota Filipczuk, Microsoft, ACM Women Europe Chair<\/td>\n<\/tr>\n<tr>\n<td style=\"background-color: #ffffff; border-bottom: 2px solid #ddd; border-top: 2px solid #ddd;\">Alexandra Dediu, Risk Analysis Consulting Ltd, ACM\u2013W Europe Vice Chair<\/td>\n<\/tr>\n<tr>\n<td style=\"background-color: #ffffff; border-bottom: 2px solid #ddd; border-top: 2px solid #ddd;\">Rukiye Altin, Kiel University, ACM Women Europe Past Chair<\/td>\n<\/tr>\n<tr>\n<td style=\"background-color: #ffffff; border-bottom: 2px solid #ddd; border-top: 2px solid #ddd;\">Anca Vasilescu, Transilvania University of Brasov, womENcourage Steering Committee<\/td>\n<\/tr>\n<\/tbody>\n<\/table>\n<p>&nbsp;<\/p>\n<h2 style=\"text-align: center;\"><strong>Organizing Committee<\/strong><\/h2>\n<table style=\"margin: auto; width: 1100px;\">\n<tbody>\n<tr>\n<td style=\"background-color: #f1f1f1; border-bottom: 2px solid #dddddd; border-top: 2px solid #ddd;\" rowspan=\"2\" width=\"250px\"><strong>General Chairs<\/strong><\/td>\n<td style=\"background-color: #ffffff; border-bottom: 2px solid #ddd; border-top: 2px solid #ddd; width: 850px;\">Karima Boudaoud, Universit\u00e9 C\u00f4te d&#8217;Azur<\/td>\n<\/tr>\n<tr>\n<td style=\"background-color: #ffffff; border-bottom: 2px solid #ddd; border-top: 2px solid #ddd;\">Antinisca Di Marco, University of L&#8217;Aquila<\/td>\n<\/tr>\n<tr>\n<td style=\"background-color: #f1f1f1; border-bottom: 2px solid #ddd;\"><\/td>\n<td style=\"background-color: #f1f1f1; border-bottom: 2px solid #ddd;\"><\/td>\n<\/tr>\n<tr>\n<td style=\"background-color: #f1f1f1; border-bottom: 2px solid #dddddd; border-top: 2px solid #ddd;\" rowspan=\"2\"><strong>Programme Chairs<\/strong><\/td>\n<td style=\"background-color: #ffffff; border-bottom: 2px solid #ddd; border-top: 2px solid #ddd;\">Birgit Penzenstadler, Chalmers | Gothenburg University<\/td>\n<\/tr>\n<tr>\n<td style=\"background-color: #ffffff; border-bottom: 2px solid #ddd; border-top: 2px solid #ddd;\"><span data-sheets-root=\"1\">Miguel Goulao, Universidade NOVA de Lisboa<\/span><\/td>\n<\/tr>\n<tr>\n<td style=\"background-color: #f1f1f1; border-bottom: 2px solid #ddd;\"><\/td>\n<td style=\"background-color: #f1f1f1; border-bottom: 2px solid #ddd;\"><\/td>\n<\/tr>\n<tr>\n<td style=\"background-color: #f1f1f1; border-bottom: 2px solid #dddddd; border-top: 2px solid #ddd;\" rowspan=\"2\"><strong>Registration Chairs<\/strong><\/td>\n<td style=\"background-color: #ffffff; border-bottom: 2px solid #ddd; border-top: 2px solid #ddd;\"><span data-sheets-root=\"1\">Miranda Harizaj, Polytechnic University of Tirana<\/span><\/td>\n<\/tr>\n<tr>\n<td style=\"background-color: #ffffff; border-bottom: 2px solid #ddd; border-top: 2px solid #ddd;\"><span data-sheets-root=\"1\">Malgorzata Biernacka, University of Wroclaw<\/span><\/td>\n<\/tr>\n<tr>\n<td style=\"background-color: #f1f1f1; border-bottom: 2px solid #ddd;\"><\/td>\n<td style=\"background-color: #f1f1f1; border-bottom: 2px solid #ddd;\"><\/td>\n<\/tr>\n<tr>\n<td style=\"background-color: #f1f1f1; border-bottom: 2px solid #dddddd; border-top: 2px solid #ddd;\" rowspan=\"3\"><strong>Poster Chairs<\/strong><\/td>\n<td style=\"background-color: #ffffff; border-bottom: 2px solid #ddd; border-top: 2px solid #ddd;\">Simona Motogna, <span data-sheets-root=\"1\">Babes-Bolyai University<\/span><\/td>\n<\/tr>\n<tr>\n<td style=\"background-color: #ffffff; border-bottom: 2px solid #ddd; border-top: 2px solid #ddd;\">Giordano d&#8217;Aloisio, <span data-sheets-root=\"1\"> University of L&#8217;Aquila<\/span><\/td>\n<\/tr>\n<tr>\n<td style=\"background-color: #ffffff; border-bottom: 2px solid #ddd; border-top: 2px solid #ddd;\">Fanni Bobak, <span data-sheets-root=\"1\">ExANTE Consulting<\/span><\/td>\n<\/tr>\n<tr>\n<td style=\"background-color: #f1f1f1; border-bottom: 2px solid #ddd;\"><\/td>\n<td style=\"background-color: #f1f1f1; border-bottom: 2px solid #ddd;\"><\/td>\n<\/tr>\n<tr>\n<td style=\"background-color: #f1f1f1; border-bottom: 2px solid #dddddd; border-top: 2px solid #ddd;\" rowspan=\"2\"><strong>Workshop Chairs<\/strong><\/td>\n<td style=\"background-color: #ffffff; border-bottom: 2px solid #ddd; border-top: 2px solid #ddd;\"><span data-sheets-root=\"1\">Lenuta Alboaie, Alexandru Ioan Cuza University<\/span><\/td>\n<\/tr>\n<tr>\n<td style=\"background-color: #ffffff; border-bottom: 2px solid #ddd; border-top: 2px solid #ddd;\"><span data-sheets-root=\"1\">Alicia Takaoka,\u00a0Erasmus University Rotterdam <\/span><\/td>\n<\/tr>\n<tr>\n<td style=\"background-color: #f1f1f1; border-bottom: 2px solid #ddd;\"><\/td>\n<td style=\"background-color: #f1f1f1; border-bottom: 2px solid #ddd;\"><\/td>\n<\/tr>\n<tr>\n<td style=\"background-color: #f1f1f1; border-bottom: 2px solid #dddddd; border-top: 2px solid #ddd;\" rowspan=\"2\"><strong>Scholarship Chairs<\/strong><\/td>\n<td style=\"background-color: #ffffff; border-bottom: 2px solid #ddd; border-top: 2px solid #ddd;\"><span data-sheets-root=\"1\">Francesca Alessandra Lisi, Universita&#8217; degli Studi di Bari &#8220;Aldo Moro&#8221;<\/span><\/td>\n<\/tr>\n<tr>\n<td style=\"background-color: #ffffff; border-bottom: 2px solid #ddd; border-top: 2px solid #ddd;\"><span data-sheets-root=\"1\">Jose David Paton-Romero, Simula Research Laboratory<\/span><\/td>\n<\/tr>\n<tr>\n<td style=\"background-color: #f1f1f1; border-bottom: 2px solid #ddd;\"><\/td>\n<td style=\"background-color: #f1f1f1; border-bottom: 2px solid #ddd;\"><\/td>\n<\/tr>\n<tr>\n<td style=\"background-color: #f1f1f1; border-bottom: 2px solid #dddddd; border-top: 2px solid #ddd;\" rowspan=\"2\"><strong>Hackathon Chairs<\/strong><\/td>\n<td style=\"background-color: #ffffff; border-bottom: 2px solid #ddd; border-top: 2px solid #ddd;\"><span data-sheets-root=\"1\">Carole Malbrancq, WHAT06, Sophia Antipolis, France<\/span><\/td>\n<\/tr>\n<tr>\n<td style=\"background-color: #ffffff; border-bottom: 2px solid #ddd; border-top: 2px solid #ddd;\"><span data-sheets-root=\"1\">Myra Braganti, WHAT06, Sophia Antipolis, France<\/span><\/td>\n<\/tr>\n<tr>\n<td style=\"background-color: #f1f1f1; border-bottom: 2px solid #ddd;\"><\/td>\n<td style=\"background-color: #f1f1f1; border-bottom: 2px solid #ddd;\"><\/td>\n<\/tr>\n<tr>\n<td style=\"background-color: #f1f1f1; border-bottom: 2px solid #dddddd; border-top: 2px solid #ddd;\" rowspan=\"3\"><strong>Publicity Chairs<\/strong><\/td>\n<td style=\"background-color: #ffffff; border-bottom: 2px solid #ddd; border-top: 2px solid #ddd;\">Sonay Caner Yildirim, Erzincan Binali Yildirim University<\/td>\n<\/tr>\n<tr>\n<td style=\"background-color: #ffffff; border-bottom: 2px solid #ddd; border-top: 2px solid #ddd;\">Ambre Journot, Universit\u00e9 C\u00f4te d\u2019Azur<\/td>\n<\/tr>\n<tr>\n<td style=\"background-color: #ffffff; border-bottom: 2px solid #ddd; border-top: 2px solid #ddd;\">Elva Leka, Polytechnic University of Tirana<\/td>\n<\/tr>\n<tr>\n<td style=\"background-color: #f1f1f1; border-bottom: 2px solid #ddd;\"><\/td>\n<td style=\"background-color: #f1f1f1; border-bottom: 2px solid #ddd;\"><\/td>\n<\/tr>\n<tr>\n<td style=\"background-color: #f1f1f1; border-bottom: 2px solid #dddddd; border-top: 2px solid #ddd;\" rowspan=\"3\"><strong>Supporters Chairs<\/strong><\/td>\n<td style=\"background-color: #ffffff; border-bottom: 2px solid #ddd; border-top: 2px solid #ddd;\"><span data-sheets-root=\"1\">Luc Podrzycki, Qosmiq Networks company, France<\/span><\/td>\n<\/tr>\n<tr>\n<td style=\"background-color: #ffffff; border-bottom: 2px solid #ddd; border-top: 2px solid #ddd;\"><span data-sheets-root=\"1\">Zahia Guessoum, Universit\u00e9 de Reims<\/span><\/td>\n<\/tr>\n<tr>\n<td style=\"background-color: #ffffff; border-bottom: 2px solid #ddd; border-top: 2px solid #ddd;\"><span data-sheets-root=\"1\">Nazim Agoulmine, Universit\u00e9 d\u2019Evry<\/span><\/td>\n<\/tr>\n<tr>\n<td style=\"background-color: #f1f1f1; border-bottom: 2px solid #ddd;\"><\/td>\n<td style=\"background-color: #f1f1f1; border-bottom: 2px solid #ddd;\"><\/td>\n<\/tr>\n<tr>\n<td style=\"background-color: #f1f1f1; border-bottom: 2px solid #dddddd; border-top: 2px solid #ddd;\"><strong>Web Chair<\/strong><\/td>\n<td style=\"background-color: #ffffff; border-bottom: 2px solid #ddd; border-top: 2px solid #ddd;\">Giordano d&#8217;Aloisio, University of L&#8217;Aquila<\/td>\n<\/tr>\n<tr>\n<td style=\"background-color: #f1f1f1; border-bottom: 2px solid #ddd;\"><\/td>\n<td style=\"background-color: #f1f1f1; border-bottom: 2px solid #ddd;\"><\/td>\n<\/tr>\n<p><!--\n\n\n<tr><span data-mce-type=\"bookmark\" style=\"display: inline-block; width: 0px; overflow: hidden; line-height: 0;\" class=\"mce_SELRES_start\"><\/span>\n\n\n<td style=\"background-color: #f1f1f1; border-bottom: 2px solid #dddddd; border-top: 2px solid #ddd;\" rowspan=\"3\"><strong>Student Volunteers Chairs<\/strong><\/td>\n\n\n\n\n<td style=\"background-color: #ffffff; border-bottom: 2px solid #ddd; border-top: 2px solid #ddd;\">Laura Cern\u0103u, Babe\u0219-Bolyai University, Cluj-Napoca<\/td>\n\n\n<\/tr>\n\n\n<span data-mce-type=\"bookmark\" style=\"display: inline-block; width: 0px; overflow: hidden; line-height: 0;\" class=\"mce_SELRES_end\"><\/span>\n\n\n<tr>\n\n\n<td style=\"background-color: #ffffff; border-bottom: 2px solid #ddd; border-top: 2px solid #ddd;\">Adia Romanescu, Alexandru Ioan Cuza University of Ia\u0219i<\/td>\n\n\n<\/tr>\n\n\n\n\n<tr>\n\n\n<td style=\"background-color: #ffffff; border-bottom: 2px solid #ddd; border-top: 2px solid #ddd;\">Alexia Chirila, UniTBv ACM Student Chapter<\/td>\n\n\n<\/tr>\n\n\n\n\n<tr>\n\n\n<td style=\"background-color: #f1f1f1; border-bottom: 2px solid #ddd;\"><\/td>\n\n\n\n\n<td style=\"background-color: #f1f1f1; border-bottom: 2px solid #ddd;\"><\/td>\n\n\n<\/tr>\n\n\n\n\n<tr>\n\n\n<td style=\"background-color: #f1f1f1; border-bottom: 2px solid #dddddd; border-top: 2px solid #ddd;\" rowspan=\"3\"><strong>Finance Chairs<\/strong><\/td>\n\n\n\n\n<td style=\"background-color: #ffffff; border-bottom: 2px solid #ddd; border-top: 2px solid #ddd;\">Adelina Manea, Transilvania University of Bra\u0219ov<\/td>\n\n\n<\/tr>\n\n\n\n\n<tr>\n\n\n<td style=\"background-color: #ffffff; border-bottom: 2px solid #ddd; border-top: 2px solid #ddd;\">Diana Trandab\u0103\u021b, Alexandru Ioan Cuza University of Ia\u0219i, Asocia\u021bia Rom\u00e2n\u0103 de Lingvistic\u0103 Computa\u021bional\u0103<\/td>\n\n\n<\/tr>\n\n\n\n\n<tr>\n\n\n<td style=\"background-color: #ffffff; border-bottom: 2px solid #ddd; border-top: 2px solid #ddd;\">Alexia Avr\u0103mescu, UniTBv ACM Student Chapter<\/td>\n\n\n<\/tr>\n\n\n--><\/tbody>\n<\/table>\n<h3 style=\"text-align: center;\"><\/h3>\n","protected":false},"excerpt":{"rendered":"<p>womENcourageTM Steering Committee Dorota Filipczuk, Microsoft, ACM Women Europe Chair Alexandra Dediu, Risk Analysis Consulting Ltd, ACM\u2013W Europe Vice Chair Rukiye Altin, Kiel University, ACM Women Europe Past Chair Anca Vasilescu, Transilvania University of Brasov, womENcourage Steering Committee &nbsp; Organizing Committee General Chairs Karima Boudaoud, Universit\u00e9 C\u00f4te d&#8217;Azur Antinisca Di Marco, University of L&#8217;Aquila Programme [&hellip;]<\/p>\n","protected":false},"author":1,"featured_media":0,"parent":0,"menu_order":0,"comment_status":"closed","ping_status":"closed","template":"","meta":{"footnotes":""},"class_list":["post-64","page","type-page","status-publish","hentry"],"_links":{"self":[{"href":"https:\/\/womencourage.acm.org\/2026\/index.php\/wp-json\/wp\/v2\/pages\/64","targetHints":{"allow":["GET"]}}],"collection":[{"href":"https:\/\/womencourage.acm.org\/2026\/index.php\/wp-json\/wp\/v2\/pages"}],"about":[{"href":"https:\/\/womencourage.acm.org\/2026\/index.php\/wp-json\/wp\/v2\/types\/page"}],"author":[{"embeddable":true,"href":"https:\/\/womencourage.acm.org\/2026\/index.php\/wp-json\/wp\/v2\/users\/1"}],"replies":[{"embeddable":true,"href":"https:\/\/womencourage.acm.org\/2026\/index.php\/wp-json\/wp\/v2\/comments?post=64"}],"version-history":[{"count":113,"href":"https:\/\/womencourage.acm.org\/2026\/index.php\/wp-json\/wp\/v2\/pages\/64\/revisions"}],"predecessor-version":[{"id":3040,"href":"https:\/\/womencourage.acm.org\/2026\/index.php\/wp-json\/wp\/v2\/pages\/64\/revisions\/3040"}],"wp:attachment":[{"href":"https:\/\/womencourage.acm.org\/2026\/index.php\/wp-json\/wp\/v2\/media?parent=64"}],"curies":[{"name":"wp","href":"https:\/\/api.w.org\/{rel}","templated":true}]}}