{"id":64,"date":"2018-03-10T21:45:00","date_gmt":"2018-03-10T21:45:00","guid":{"rendered":"https:\/\/womencourage.acm.org\/2025\/?page_id=64"},"modified":"2025-01-13T06:41:56","modified_gmt":"2025-01-13T06:41:56","slug":"our-team","status":"publish","type":"page","link":"https:\/\/womencourage.acm.org\/2025\/index.php\/our-team\/","title":{"rendered":"Our team"},"content":{"rendered":"<h2 style=\"text-align: center; color: #2ec8dd;\"><strong>Organizing Committee<\/strong><\/h2>\n<table style=\"margin: auto; width: 1100px;\">\n<tbody>\n<tr>\n<td style=\"background-color: #f1f1f1; border-bottom: 2px solid #dddddd; border-top: 2px solid #ddd;\" rowspan=\"3\" width=\"250px\"><strong>General Chairs<\/strong><\/td>\n<td style=\"background-color: #ffffff; border-bottom: 2px solid #ddd; border-top: 2px solid #ddd; width: 850px;\">Letizia Jaccheri, Norwegian University of Science and Technology<\/td>\n<\/tr>\n<tr>\n<td style=\"background-color: #ffffff; border-bottom: 2px solid #ddd; border-top: 2px solid #ddd;\">Simona Motogna, Babe\u0219-Bolyai University, Cluj-Napoca<\/td>\n<\/tr>\n<tr>\n<td style=\"background-color: #ffffff; border-bottom: 2px solid #ddd; border-top: 2px solid #ddd;\">Anca Vasilescu, Transilvania University of Bra\u0219ov<\/td>\n<\/tr>\n<tr>\n<td style=\"background-color: #f1f1f1; border-bottom: 2px solid #ddd;\"><\/td>\n<td style=\"background-color: #f1f1f1; border-bottom: 2px solid #ddd;\"><\/td>\n<\/tr>\n<tr>\n<td style=\"background-color: #f1f1f1; border-bottom: 2px solid #dddddd; border-top: 2px solid #ddd;\" rowspan=\"2\"><strong>Programme Chairs<\/strong><\/td>\n<td style=\"background-color: #ffffff; border-bottom: 2px solid #ddd; border-top: 2px solid #ddd;\">Lenu\u021ba Alboaie, Alexandru Ioan Cuza University of Ia\u0219i<\/td>\n<\/tr>\n<tr>\n<td style=\"background-color: #ffffff; border-bottom: 2px solid #ddd; border-top: 2px solid #ddd;\">George Eleftherakis, Pennsylvania State University<\/td>\n<\/tr>\n<tr>\n<td style=\"background-color: #f1f1f1; border-bottom: 2px solid #ddd;\"><\/td>\n<td style=\"background-color: #f1f1f1; border-bottom: 2px solid #ddd;\"><\/td>\n<\/tr>\n<tr>\n<td style=\"background-color: #f1f1f1; border-bottom: 2px solid #dddddd; border-top: 2px solid #ddd;\" rowspan=\"2\"><strong>Registration Chairs<\/strong><\/td>\n<td style=\"background-color: #ffffff; border-bottom: 2px solid #ddd; border-top: 2px solid #ddd;\">Liana Lumini\u021ba Boca, Transilvania University of Bra\u0219ov<\/td>\n<\/tr>\n<tr>\n<td style=\"background-color: #ffffff; border-bottom: 2px solid #ddd; border-top: 2px solid #ddd;\">Cristina Pacurar, Transilvania University of Bra\u0219ov<\/td>\n<\/tr>\n<tr>\n<td style=\"background-color: #f1f1f1; border-bottom: 2px solid #ddd;\"><\/td>\n<td style=\"background-color: #f1f1f1; border-bottom: 2px solid #ddd;\"><\/td>\n<\/tr>\n<tr>\n<td style=\"background-color: #f1f1f1; border-bottom: 2px solid #dddddd; border-top: 2px solid #ddd;\" rowspan=\"3\"><strong>Poster Chairs<\/strong><\/td>\n<td style=\"background-color: #ffffff; border-bottom: 2px solid #ddd; border-top: 2px solid #ddd;\">Antinisca di Marco, University of L&#8217;Aquila, Italy<\/td>\n<\/tr>\n<tr>\n<td style=\"background-color: #ffffff; border-bottom: 2px solid #ddd; border-top: 2px solid #ddd;\">Corina For\u0103scu, Alexandru Ioan Cuza University of Ia\u0219i<\/td>\n<\/tr>\n<tr>\n<td style=\"background-color: #ffffff; border-bottom: 2px solid #ddd; border-top: 2px solid #ddd;\">Anamaria Briciu, Babe\u0219-Bolyai University, Cluj-Napoca<\/td>\n<\/tr>\n<tr>\n<td style=\"background-color: #f1f1f1; border-bottom: 2px solid #ddd;\"><\/td>\n<td style=\"background-color: #f1f1f1; border-bottom: 2px solid #ddd;\"><\/td>\n<\/tr>\n<tr>\n<td style=\"background-color: #f1f1f1; border-bottom: 2px solid #dddddd; border-top: 2px solid #ddd;\" rowspan=\"3\"><strong>Workshop Chairs<\/strong><\/td>\n<td style=\"background-color: #ffffff; border-bottom: 2px solid #ddd; border-top: 2px solid #ddd;\">Dana D\u0103nciulescu, University of Craiova<\/td>\n<\/tr>\n<tr>\n<td style=\"background-color: #ffffff; border-bottom: 2px solid #ddd; border-top: 2px solid #ddd;\">Andreea Arusoaie, Alexandru Ioan Cuza University of Ia\u0219i<\/td>\n<\/tr>\n<tr>\n<td style=\"background-color: #ffffff; border-bottom: 2px solid #ddd; border-top: 2px solid #ddd;\">Maria Nu\u021bu, Transilvania University of Bra\u0219ov<\/td>\n<\/tr>\n<tr>\n<td style=\"background-color: #f1f1f1; border-bottom: 2px solid #ddd;\"><\/td>\n<td style=\"background-color: #f1f1f1; border-bottom: 2px solid #ddd;\"><\/td>\n<\/tr>\n<tr>\n<td style=\"background-color: #f1f1f1; border-bottom: 2px solid #dddddd; border-top: 2px solid #ddd;\" rowspan=\"2\"><strong>Scholarship Chairs<\/strong><\/td>\n<td style=\"background-color: #ffffff; border-bottom: 2px solid #ddd; border-top: 2px solid #ddd;\">Manuela Petrescu, Babe\u0219-Bolyai University, Cluj-Napoca<\/td>\n<\/tr>\n<tr>\n<td style=\"background-color: #ffffff; border-bottom: 2px solid #ddd; border-top: 2px solid #ddd;\">Alexandra B\u0103icoianu, Transilvania University of Bra\u0219ov<\/td>\n<\/tr>\n<tr>\n<td style=\"background-color: #f1f1f1; border-bottom: 2px solid #ddd;\"><\/td>\n<td style=\"background-color: #f1f1f1; border-bottom: 2px solid #ddd;\"><\/td>\n<\/tr>\n<tr>\n<td style=\"background-color: #f1f1f1; border-bottom: 2px solid #dddddd; border-top: 2px solid #ddd;\" rowspan=\"2\"><strong>Hackathon Chairs<\/strong><\/td>\n<td style=\"background-color: #ffffff; border-bottom: 2px solid #ddd; border-top: 2px solid #ddd;\">Mara Diaconu, Norwegian University of Science and Technology<\/td>\n<\/tr>\n<tr>\n<td style=\"background-color: #ffffff; border-bottom: 2px solid #ddd; border-top: 2px solid #ddd;\">Ioana Plajer, Transilvania University of Bra\u0219ov<\/td>\n<\/tr>\n<tr>\n<td style=\"background-color: #f1f1f1; border-bottom: 2px solid #ddd;\"><\/td>\n<td style=\"background-color: #f1f1f1; border-bottom: 2px solid #ddd;\"><\/td>\n<\/tr>\n<tr>\n<td style=\"background-color: #f1f1f1; border-bottom: 2px solid #dddddd; border-top: 2px solid #ddd;\" rowspan=\"3\"><strong>Publicity Chairs<\/strong><\/td>\n<td style=\"background-color: #ffffff; border-bottom: 2px solid #ddd; border-top: 2px solid #ddd;\">Sonay Caner-Yildirim, Erzincan Binali Y\u0131ld\u0131r\u0131m \u00dcniversitesi<\/td>\n<\/tr>\n<tr>\n<td style=\"background-color: #ffffff; border-bottom: 2px solid #ddd; border-top: 2px solid #ddd;\">Adina Mocanu, Alexandru Ioan Cuza University of Ia\u0219i<\/td>\n<\/tr>\n<tr>\n<td style=\"background-color: #ffffff; border-bottom: 2px solid #ddd; border-top: 2px solid #ddd;\">Corina N\u0103n\u0103u, Transilvania University of Bra\u0219ov<\/td>\n<\/tr>\n<tr>\n<td style=\"background-color: #f1f1f1; border-bottom: 2px solid #ddd;\"><\/td>\n<td style=\"background-color: #f1f1f1; border-bottom: 2px solid #ddd;\"><\/td>\n<\/tr>\n<tr>\n<td style=\"background-color: #f1f1f1; border-bottom: 2px solid #dddddd; border-top: 2px solid #ddd;\" rowspan=\"3\"><strong>Supporters &amp; Career Chairs<\/strong><\/td>\n<td style=\"background-color: #ffffff; border-bottom: 2px solid #ddd; border-top: 2px solid #ddd;\">Simona \u0218andru, Global Women TechLeaders<\/td>\n<\/tr>\n<tr>\n<td style=\"background-color: #ffffff; border-bottom: 2px solid #ddd; border-top: 2px solid #ddd;\">Bianca Muntean, Transilvania IT Cluster<\/td>\n<\/tr>\n<tr>\n<td style=\"background-color: #ffffff; border-bottom: 2px solid #ddd; border-top: 2px solid #ddd;\">Luciana Majercsik, Transilvania University of Bra\u0219ov<\/td>\n<\/tr>\n<tr>\n<td style=\"background-color: #f1f1f1; border-bottom: 2px solid #ddd;\"><\/td>\n<td style=\"background-color: #f1f1f1; border-bottom: 2px solid #ddd;\"><\/td>\n<\/tr>\n<tr>\n<td style=\"background-color: #f1f1f1; border-bottom: 2px solid #dddddd; border-top: 2px solid #ddd;\" rowspan=\"3\"><strong>Student Volunteers Chairs<\/strong><\/td>\n<td style=\"background-color: #ffffff; border-bottom: 2px solid #ddd; border-top: 2px solid #ddd;\">Laura Cern\u0103u, Babe\u0219-Bolyai University, Cluj-Napoca<\/td>\n<\/tr>\n<tr>\n<td style=\"background-color: #ffffff; border-bottom: 2px solid #ddd; border-top: 2px solid #ddd;\">Adia Romanescu, Alexandru Ioan Cuza University of Ia\u0219i<\/td>\n<\/tr>\n<tr>\n<td style=\"background-color: #ffffff; border-bottom: 2px solid #ddd; border-top: 2px solid #ddd;\">Alexia Chirila, UniTBv ACM Student Chapter<\/td>\n<\/tr>\n<tr>\n<td style=\"background-color: #f1f1f1; border-bottom: 2px solid #ddd;\"><\/td>\n<td style=\"background-color: #f1f1f1; border-bottom: 2px solid #ddd;\"><\/td>\n<\/tr>\n<tr>\n<td style=\"background-color: #f1f1f1; border-bottom: 2px solid #dddddd; border-top: 2px solid #ddd;\" rowspan=\"3\"><strong>Finance Chairs<\/strong><\/td>\n<td style=\"background-color: #ffffff; border-bottom: 2px solid #ddd; border-top: 2px solid #ddd;\">Adelina Manea, Transilvania University of Bra\u0219ov<\/td>\n<\/tr>\n<tr>\n<td style=\"background-color: #ffffff; border-bottom: 2px solid #ddd; border-top: 2px solid #ddd;\">Diana Trandab\u0103\u021b, Alexandru Ioan Cuza University of Ia\u0219i, Asocia\u021bia Rom\u00e2n\u0103 de Lingvistic\u0103 Computa\u021bional\u0103<\/td>\n<\/tr>\n<tr>\n<td style=\"background-color: #ffffff; border-bottom: 2px solid #ddd; border-top: 2px solid #ddd;\">Alexia Avr\u0103mescu, UniTBv ACM Student Chapter<\/td>\n<\/tr>\n<\/tbody>\n<\/table>\n<h3 style=\"text-align: center;\"><\/h3>\n","protected":false},"excerpt":{"rendered":"<p>Organizing Committee General Chairs Letizia Jaccheri, Norwegian University of Science and Technology Simona Motogna, Babe\u0219-Bolyai University, Cluj-Napoca Anca Vasilescu, Transilvania University of Bra\u0219ov Programme Chairs Lenu\u021ba Alboaie, Alexandru Ioan Cuza University of Ia\u0219i George Eleftherakis, Pennsylvania State University Registration Chairs Liana Lumini\u021ba Boca, Transilvania University of Bra\u0219ov Cristina Pacurar, Transilvania University of Bra\u0219ov Poster Chairs [&hellip;]<\/p>\n","protected":false},"author":1,"featured_media":0,"parent":0,"menu_order":0,"comment_status":"closed","ping_status":"closed","template":"","meta":{"footnotes":""},"class_list":["post-64","page","type-page","status-publish","hentry"],"_links":{"self":[{"href":"https:\/\/womencourage.acm.org\/2025\/index.php\/wp-json\/wp\/v2\/pages\/64"}],"collection":[{"href":"https:\/\/womencourage.acm.org\/2025\/index.php\/wp-json\/wp\/v2\/pages"}],"about":[{"href":"https:\/\/womencourage.acm.org\/2025\/index.php\/wp-json\/wp\/v2\/types\/page"}],"author":[{"embeddable":true,"href":"https:\/\/womencourage.acm.org\/2025\/index.php\/wp-json\/wp\/v2\/users\/1"}],"replies":[{"embeddable":true,"href":"https:\/\/womencourage.acm.org\/2025\/index.php\/wp-json\/wp\/v2\/comments?post=64"}],"version-history":[{"count":105,"href":"https:\/\/womencourage.acm.org\/2025\/index.php\/wp-json\/wp\/v2\/pages\/64\/revisions"}],"predecessor-version":[{"id":2281,"href":"https:\/\/womencourage.acm.org\/2025\/index.php\/wp-json\/wp\/v2\/pages\/64\/revisions\/2281"}],"wp:attachment":[{"href":"https:\/\/womencourage.acm.org\/2025\/index.php\/wp-json\/wp\/v2\/media?parent=64"}],"curies":[{"name":"wp","href":"https:\/\/api.w.org\/{rel}","templated":true}]}}