{"id":923,"date":"2023-06-05T16:59:09","date_gmt":"2023-06-05T16:59:09","guid":{"rendered":"https:\/\/womencourage.acm.org\/2023\/?page_id=923"},"modified":"2023-10-02T10:26:26","modified_gmt":"2023-10-02T10:26:26","slug":"accepted-posters","status":"publish","type":"page","link":"https:\/\/womencourage.acm.org\/2023\/program\/accepted-posters\/","title":{"rendered":"Accepted posters"},"content":{"rendered":"<div id=\"ez-toc-container\" class=\"ez-toc-v2_0_49 counter-hierarchy ez-toc-counter ez-toc-grey ez-toc-container-direction\">\n<div class=\"ez-toc-title-container\">\n<p class=\"ez-toc-title\">Table of Contents<\/p>\n<span class=\"ez-toc-title-toggle\"><a href=\"#\" class=\"ez-toc-pull-right ez-toc-btn ez-toc-btn-xs ez-toc-btn-default ez-toc-toggle\" aria-label=\"ez-toc-toggle-icon-1\"><label for=\"item-69f688ce9521d\" aria-label=\"Table of Content\"><span style=\"display: flex;align-items: center;width: 35px;height: 30px;justify-content: center;direction:ltr;\"><svg style=\"fill: #999;color:#999\" xmlns=\"http:\/\/www.w3.org\/2000\/svg\" class=\"list-377408\" width=\"20px\" height=\"20px\" viewBox=\"0 0 24 24\" fill=\"none\"><path d=\"M6 6H4v2h2V6zm14 0H8v2h12V6zM4 11h2v2H4v-2zm16 0H8v2h12v-2zM4 16h2v2H4v-2zm16 0H8v2h12v-2z\" fill=\"currentColor\"><\/path><\/svg><svg style=\"fill: #999;color:#999\" class=\"arrow-unsorted-368013\" xmlns=\"http:\/\/www.w3.org\/2000\/svg\" width=\"10px\" height=\"10px\" viewBox=\"0 0 24 24\" version=\"1.2\" baseProfile=\"tiny\"><path d=\"M18.2 9.3l-6.2-6.3-6.2 6.3c-.2.2-.3.4-.3.7s.1.5.3.7c.2.2.4.3.7.3h11c.3 0 .5-.1.7-.3.2-.2.3-.5.3-.7s-.1-.5-.3-.7zM5.8 14.7l6.2 6.3 6.2-6.3c.2-.2.3-.5.3-.7s-.1-.5-.3-.7c-.2-.2-.4-.3-.7-.3h-11c-.3 0-.5.1-.7.3-.2.2-.3.5-.3.7s.1.5.3.7z\"\/><\/svg><\/span><\/label><input  type=\"checkbox\" id=\"item-69f688ce9521d\"><\/a><\/span><\/div>\n<nav><ul class='ez-toc-list ez-toc-list-level-1 ' ><li class='ez-toc-page-1 ez-toc-heading-level-1'><a class=\"ez-toc-link ez-toc-heading-1\" href=\"https:\/\/womencourage.acm.org\/2023\/program\/accepted-posters\/#Poster_Session_1_22_September_2023_1100-1140\" title=\"Poster Session 1, 22 September 2023, 11.00-11.40\">Poster Session 1, 22 September 2023, 11.00-11.40<\/a><\/li><li class='ez-toc-page-1 ez-toc-heading-level-1'><a class=\"ez-toc-link ez-toc-heading-2\" href=\"https:\/\/womencourage.acm.org\/2023\/program\/accepted-posters\/#Poster_Session_2_22_September_2023_1140-1220\" title=\"Poster Session 2, 22 September 2023, 11.40-12.20\">Poster Session 2, 22 September 2023, 11.40-12.20<\/a><\/li><li class='ez-toc-page-1 ez-toc-heading-level-1'><a class=\"ez-toc-link ez-toc-heading-3\" href=\"https:\/\/womencourage.acm.org\/2023\/program\/accepted-posters\/#Poster_Session_3_22_September_2023_1220-1300\" title=\"Poster Session 3, 22 September 2023, 12.20-13.00\">Poster Session 3, 22 September 2023, 12.20-13.00<\/a><\/li><\/ul><\/nav><\/div>\n<h1><span class=\"ez-toc-section\" id=\"Poster_Session_1_22_September_2023_1100-1140\"><\/span>Poster Session 1, 22 September 2023, 11.00-11.40<span class=\"ez-toc-section-end\"><\/span><\/h1>\n<table>\n<tbody>\n<tr>\n<th>Poster title \/ Abstract<\/th>\n<th>Authors<\/th>\n<\/tr>\n<tr>\n<td><a href=\"https:\/\/womencourage.acm.org\/2023\/wp-content\/uploads\/2023\/06\/womencourage2023-posters-paper1.pdf\">#1 Exploring the Effects of the Hedy User Interface on the Development of CS Interest in Girls<\/a><\/td>\n<td>Shirley de Wit, Felienne Hermans, Marcus Specht, Efthimia Aivaloglou<\/td>\n<\/tr>\n<tr>\n<td><a href=\"https:\/\/womencourage.acm.org\/2023\/wp-content\/uploads\/2023\/06\/womencourage2023-posters-paper14.pdf\">#14 Bridging Disciplines with Visualization: Fostering Interdisciplinary Collaboration in Computer Science and Beyond with Design Studies<\/a><\/td>\n<td>Yiwen Xing, Alfie Abdul-Rahman, Rita Borgo<\/td>\n<\/tr>\n<tr>\n<td><a href=\"https:\/\/womencourage.acm.org\/2023\/wp-content\/uploads\/2023\/06\/womencourage2023-posters-paper17.pdf\">#17 Exploring the Interaction between Security Operations Center and Industrial in-house Response Teams<\/a><\/td>\n<td>Vahiny Gnanasekaran, Poul E. Heegaard<\/td>\n<\/tr>\n<tr>\n<td><a href=\"https:\/\/womencourage.acm.org\/2023\/wp-content\/uploads\/2023\/06\/womencourage2023-posters-paper22.pdf\">#22 Bridging values: The inclusion of young generations in computing<\/a><\/td>\n<td>Serena Versino, Anna Szlavi, Irene Zanardi, Karolina Bolesta, Letizia Jaccheri<\/td>\n<\/tr>\n<tr>\n<td><a href=\"https:\/\/womencourage.acm.org\/2023\/wp-content\/uploads\/2023\/06\/womencourage2023-posters-paper32.pdf\">#32 Initiatives to minimize female dropout in areas STEAM at the Federal University of Amazonas<\/a><\/td>\n<td>Ariel Nunes, Maria Vit\u00f3ria Nascimento, Nat\u00e1lia Rufino, Ruth Aguiar, Thailane Pereira, Tanara Lauschner, In\u00eas Padilha, Fabiola Nakamura<\/td>\n<\/tr>\n<tr>\n<td><a href=\"https:\/\/womencourage.acm.org\/2023\/wp-content\/uploads\/2023\/06\/womencourage2023-posters-paper39.pdf\">#39 Computer Science for Everyone: Interdisciplinary Online Courses of RockStartIT<\/a><\/td>\n<td>Lucia Happe, Kai Marquardt<\/td>\n<\/tr>\n<tr>\n<td><a href=\"https:\/\/womencourage.acm.org\/2023\/wp-content\/uploads\/2023\/06\/womencourage2023-posters-paper43-compressed.pdf\">#43 Poster Abstract: HarmonicID- Identifying Analog Backscatter Tags with Harmonics<\/a><\/td>\n<td>Dilushi Piumwardane, Thiemo Voigt<\/td>\n<\/tr>\n<tr>\n<td><a href=\"https:\/\/womencourage.acm.org\/2023\/wp-content\/uploads\/2023\/06\/womencourage2023-posters-paper52.pdf\">#52 Exploring the Adoption and Effectiveness of Architecture Decision Records in Agile Software Development: An Action Research Study<\/a><\/td>\n<td>Bardha Ahmeti, Maja Linder, Rebekka Wohlrab<\/td>\n<\/tr>\n<tr>\n<td><a href=\"https:\/\/womencourage.acm.org\/2023\/wp-content\/uploads\/2023\/06\/womencourage2023-posters-paper56.pdf\">#56 Debating Ethics: Enhancing Human &amp; Human-AI Dialogue<\/a><\/td>\n<td>Elfia Bezou Vrakatseli<\/td>\n<\/tr>\n<tr>\n<td><a href=\"https:\/\/womencourage.acm.org\/2023\/wp-content\/uploads\/2023\/06\/womencourage2023-posters-paper72.pdf\">#72 Knowledge-Based Management of Softwarized Networks<\/a><\/td>\n<td>Aleksandra Simic, David Palma<\/td>\n<\/tr>\n<tr>\n<td><a href=\"https:\/\/womencourage.acm.org\/2023\/wp-content\/uploads\/2023\/06\/womencourage2023-posters-paper77.pdf\">#77 She Mentoring: Volunteer Mentors and Disaster Survivor Women Meet Digitally<\/a><\/td>\n<td>Bet\u00fcl Ayd\u0131n, \u00d6zge M\u0131s\u0131rl\u0131<\/td>\n<\/tr>\n<tr>\n<td><a href=\"https:\/\/womencourage.acm.org\/2023\/wp-content\/uploads\/2023\/06\/womencourage2023-posters-paper81.pdf\">#81 Factors Contributing to Women\u2019s Underrepresentation in STEM Fields: An Analysis of Three Studies<\/a><\/td>\n<td>Jamila Mehmandarova, Camilla Kielland Lund<\/td>\n<\/tr>\n<tr>\n<td><a href=\"https:\/\/womencourage.acm.org\/2023\/wp-content\/uploads\/2023\/06\/womencourage2023-posters-paper87.pdf\">#87 Co-creating futures together within INSPIRA, a mentoring program for women in Informatics<\/a><\/td>\n<td>Sunny Miranda, Paula Alexandra Silva, Francisca Sousa, Ana Margarida Fel\u00edcio<\/td>\n<\/tr>\n<tr>\n<td><a href=\"https:\/\/womencourage.acm.org\/2023\/wp-content\/uploads\/2023\/06\/womencourage2023-posters-paper90.pdf\">#90 Agent-based Macroeconomics Simulation via Object-Oriented Programming<\/a><\/td>\n<td>Deniz Durmus<\/td>\n<\/tr>\n<tr>\n<td><a href=\"https:\/\/womencourage.acm.org\/2023\/wp-content\/uploads\/2023\/06\/womencourage2023-posters-paper102.pdf\">#102 Building an Inclusive Community around Digital Information Access for Children in an Educational Setting: A Multidisciplinary, International Approach<\/a><\/td>\n<td>Emiliana Murgia, Maria Soledad Pera, Monica Landoni, Theo Huibers (<\/td>\n<\/tr>\n<tr>\n<td><a href=\"https:\/\/womencourage.acm.org\/2023\/wp-content\/uploads\/2023\/06\/womencourage2023-posters-paper121.pdf\">#121 &#8220;Improving SoBigdata platform&#8217;s FAIR principles through decision tree and web-based services&#8221;<\/a><\/td>\n<td>Payel Patra<\/td>\n<\/tr>\n<\/tbody>\n<\/table>\n<p>&nbsp;<\/p>\n<h1><span class=\"ez-toc-section\" id=\"Poster_Session_2_22_September_2023_1140-1220\"><\/span>Poster Session 2, 22 September 2023, 11.40-12.20<span class=\"ez-toc-section-end\"><\/span><\/h1>\n<table>\n<tbody>\n<tr>\n<th>Poster title \/ Abstract<\/th>\n<th>Authors<\/th>\n<\/tr>\n<tr>\n<td><a href=\"https:\/\/womencourage.acm.org\/2023\/wp-content\/uploads\/2023\/06\/womencourage2023-posters-paper2.pdf\">#2 Supporting Women in STEM2D<\/a><\/td>\n<td>Marie Travers, Katie Crowley, James Vincent Patten, Ita Richardson, Jenna Bromell, Daire Davern, Sarah O&#8217;Rourke, Ciara Duffy, Sinead O&#8217;Brien<\/td>\n<\/tr>\n<tr>\n<td><a href=\"https:\/\/womencourage.acm.org\/2023\/wp-content\/uploads\/2023\/06\/womencourage2023-posters-paper6.pdf\">#6 Process Optimization using Process Mining: A study case for Albania<\/a><\/td>\n<td>Ana Kalemi<\/td>\n<\/tr>\n<tr>\n<td><a href=\"https:\/\/womencourage.acm.org\/2023\/wp-content\/uploads\/2023\/06\/womencourage2023-posters-paper13.pdf\">#13 Fairness In Teaching &#8211; How to support fair education to increase the representation of girls in STEM<\/a><\/td>\n<td>Marie Gallais, Petroula Mavrikiou, Maria Sangiuliano<\/td>\n<\/tr>\n<tr>\n<td><a href=\"https:\/\/womencourage.acm.org\/2023\/wp-content\/uploads\/2023\/06\/womencourage2023-posters-paper21.pdf\">#21 Cunhant\u00e3 Digital: Contributing to Gender Equality in Technology in the Brazilian State of Amazonas<\/a><\/td>\n<td>Fabiola Nakamura, Adriely Lavareda, Alice Lucena, Ana Kiara Braga, Bruna Souza, Gabriela Rebelo, Isabelly Oliveira, Tedy Prist de Souza, Ketlen Teles, Tanara Lauschner<\/td>\n<\/tr>\n<tr>\n<td><a href=\"https:\/\/womencourage.acm.org\/2023\/wp-content\/uploads\/2023\/06\/womencourage2023-posters-paper31.pdf\">#31 The challenges of female leadership in technology<\/a><\/td>\n<td>Laura Diana Cern\u0103u<\/td>\n<\/tr>\n<tr>\n<td><a href=\"https:\/\/womencourage.acm.org\/2023\/wp-content\/uploads\/2023\/06\/womencourage2023-posters-paper33.pdf\">#33 HS-, HiS-, HeRS-Boot: Heterogeneity-Stratified Bootstrap -Enhancing Substance Recognition for Assistive Technologies in Real-World Applications<\/a><\/td>\n<td>Pertami Kunz, Syrine ben Abid<\/td>\n<\/tr>\n<tr>\n<td><a href=\"https:\/\/womencourage.acm.org\/2023\/wp-content\/uploads\/2023\/06\/womencourage2023-posters-paper38.pdf\">#38 Research Methodology for predicting Life Expectancy using Machine Learning<\/a><\/td>\n<td>Olgerta Idrizi, Miranda Harizaj<\/td>\n<\/tr>\n<tr>\n<td><a href=\"https:\/\/womencourage.acm.org\/2023\/wp-content\/uploads\/2023\/10\/2023_ACM-womenencourage-final.pdf\">#41 Recruiting Women into Cybersecurity<\/a><\/td>\n<td>Lili Nemec Zlatolas, Jorge Burmicky, Tatjana Welzer<\/td>\n<\/tr>\n<tr>\n<td><a href=\"https:\/\/womencourage.acm.org\/2023\/wp-content\/uploads\/2023\/06\/womencourage2023-posters-paper45.pdf\">#45 Project Science with the Caboclas Kirimbaua Auaet\u00e9: undertaken actions in the Primary Education in the state of Amazonas, Brazil<\/a><\/td>\n<td>Maria Santos, Ana Siqueira, Beatriz Albuquerque, Flavia Jacinto, Karolline Soares<\/td>\n<\/tr>\n<tr>\n<td><a href=\"https:\/\/womencourage.acm.org\/2023\/wp-content\/uploads\/2023\/06\/womencourage2023-posters-paper49.pdf\">#49 Analysis of biological networks: Math, Computer Science, &amp; Biology<\/a><\/td>\n<td>Milana Grbic<\/td>\n<\/tr>\n<tr>\n<td><a href=\"https:\/\/womencourage.acm.org\/2023\/wp-content\/uploads\/2023\/06\/womencourage2023-posters-paper67.pdf\">#67 Badebuddy &#8211; an app for year-round bathers<\/a><\/td>\n<td>Maja Testad, Synne Try Gumpen, Cecilie Opperud<\/td>\n<\/tr>\n<tr>\n<td><a href=\"https:\/\/womencourage.acm.org\/2023\/wp-content\/uploads\/2023\/06\/womencourage2023-posters-paper68.pdf\">#68 Communication Efficient Client Selection in Federated Learning<\/a><\/td>\n<td>Vahideh Hayyolalam, Oznur Ozkasap<\/td>\n<\/tr>\n<tr>\n<td><a href=\"https:\/\/womencourage.acm.org\/2023\/wp-content\/uploads\/2023\/09\/Abstract-PracticesGenderBalance.pdf\">#73 Practices to Achieve Gender Balance in Informatics Academia<\/a><\/td>\n<td>Carla Teixeira Lopes, Petroula Mavrikiou, Lili Nemec Zlatolas<\/td>\n<\/tr>\n<tr>\n<td><a href=\"https:\/\/womencourage.acm.org\/2023\/wp-content\/uploads\/2023\/06\/womencourage2023-posters-paper83.pdf\">#83 Security and Privacy concerns on Artificial Intelligence-based Emotion Recognition Systems<\/a><\/td>\n<td>Lala Shahbandayeva<\/td>\n<\/tr>\n<tr>\n<td><a href=\"https:\/\/womencourage.acm.org\/2023\/wp-content\/uploads\/2023\/06\/womencourage2023-posters-paper96.pdf\">#96 Uncertainty estimation in medical image registration<\/a><\/td>\n<td>Elena Serkova<\/td>\n<\/tr>\n<tr>\n<td><a href=\"https:\/\/womencourage.acm.org\/2023\/wp-content\/uploads\/2023\/06\/womencourage2023-posters-paper109.pdf\">#109 ByMaker Game: Empowering Young Minds for Sustainable Cities<\/a><\/td>\n<td>Coline Senior, Mara Gabriela Diaconu, Ana Cepuran, Alenka Temeljotov Salaj, Agnar Johansen<\/td>\n<\/tr>\n<\/tbody>\n<\/table>\n<p>&nbsp;<\/p>\n<h1><span class=\"ez-toc-section\" id=\"Poster_Session_3_22_September_2023_1220-1300\"><\/span>Poster Session 3, 22 September 2023, 12.20-13.00<span class=\"ez-toc-section-end\"><\/span><\/h1>\n<table>\n<tbody>\n<tr>\n<th>Poster title \/ Abstract<\/th>\n<th>Authors<\/th>\n<\/tr>\n<tr>\n<td><a href=\"https:\/\/womencourage.acm.org\/2023\/wp-content\/uploads\/2023\/06\/womencourage2023-posters-paper3.pdf\">#3 Collaborative Deepfake Detection: Building Trust in a Digital Age<\/a><\/td>\n<td>Elise M\u00f8llerstedt Gunnestad, Ida Klundseter Eneroth<\/td>\n<\/tr>\n<tr>\n<td><a href=\"https:\/\/womencourage.acm.org\/2023\/wp-content\/uploads\/2023\/06\/womencourage2023-posters-paper5.pdf\">#5 Bias in Binary Classification: An Argumentation-based Approach to Detection, Explanation and Mitigation<\/a><\/td>\n<td>Madeleine Waller<\/td>\n<\/tr>\n<tr>\n<td><a href=\"https:\/\/womencourage.acm.org\/2023\/wp-content\/uploads\/2023\/06\/womencourage2023-posters-paper12.pdf\">#12 Gender Influence in Software Engineering<\/a><\/td>\n<td>Gyda S\u00e6ter<\/td>\n<\/tr>\n<tr>\n<td><a href=\"https:\/\/womencourage.acm.org\/2023\/wp-content\/uploads\/2023\/06\/womencourage2023-posters-paper40.pdf\">#40 Analysis of the Peculiarities of Phishing Attacks on Enterprise Employees<\/a><\/td>\n<td>Roman Kapusta, Karyna Horiainova, Oleksandra Yeremenko<\/td>\n<\/tr>\n<tr>\n<td><a href=\"https:\/\/womencourage.acm.org\/2023\/wp-content\/uploads\/2023\/06\/womencourage2023-posters-paper51.pdf\">#51 An Optimal Study Group Repartition to Improve its Members Performance in STEM<\/a><\/td>\n<td>Nora Pireci Sejdiu, Madalina Andreea Mitran, Kai Marquardt, Berat Ujkani<\/td>\n<\/tr>\n<tr>\n<td><a href=\"https:\/\/womencourage.acm.org\/2023\/wp-content\/uploads\/2023\/06\/womencourage2023-posters-paper61.pdf\">#61 Gender Issues and Solutions in the ChatGPT AI Tool<\/a><\/td>\n<td>Amal Mersni, Oleksandra Yeremenko, Mykhailo Persikov, Valentyn Lemeshko<\/td>\n<\/tr>\n<tr>\n<td><a href=\"https:\/\/womencourage.acm.org\/2023\/wp-content\/uploads\/2023\/06\/womencourage2023-posters-paper63.pdf\">#63 A Self-Configuration and Healing Controller To Analyze Misconfigurations of Clusters and IoT Edge Devices<\/a><\/td>\n<td>Areeg ELGazazz, H\u00e5vard Dagenborg<\/td>\n<\/tr>\n<tr>\n<td><a href=\"https:\/\/womencourage.acm.org\/2023\/wp-content\/uploads\/2023\/06\/womencourage2023-posters-paper70.pdf\"> #70 Towards Integration of Sustainable User Experience Aspects in Software Systems Design: A Human-Centered Framework<br \/>\n<\/a><\/td>\n<td>Urooj Fatima, Katrien de Moor<\/td>\n<\/tr>\n<tr>\n<td><a href=\"https:\/\/womencourage.acm.org\/2023\/wp-content\/uploads\/2023\/06\/womencourage2023-posters-paper78.pdf\">#78 Mentees and mentors experiences in IT in Hungary]{Men and women mentees and mentors in the IT and engineering majors of Hungarian universities, and in the employee sector<\/a><\/td>\n<td>Anna Kuczik<\/td>\n<\/tr>\n<tr>\n<td><a href=\"https:\/\/womencourage.acm.org\/2023\/wp-content\/uploads\/2023\/06\/womencourage2023-posters-paper79.pdf\">#79 Digital twins as a common ground for interdisciplinary sustainability discussions<\/a><\/td>\n<td>Yasamin Fazelidehkordi,Beatriz Cabrero-Daniel<\/td>\n<\/tr>\n<tr>\n<td><a href=\"https:\/\/womencourage.acm.org\/2023\/wp-content\/uploads\/2023\/06\/womencourage2023-posters-paper82.pdf\">#82 Semantic interoperability and Comparative Law for interconnecting the Land Registries in Europe<\/a><\/td>\n<td>Anabel Fraga, Jesus (Camy), Elena (Ioriatti)<\/td>\n<\/tr>\n<tr>\n<td><a href=\"https:\/\/womencourage.acm.org\/2023\/wp-content\/uploads\/2023\/06\/womencourage2023-posters-paper84.pdf\">#84 Looking for a Major in Computing? Technical Knowledge versus Broader Social Values in Computing Majors<\/a><\/td>\n<td>Anna Szl\u00e1vi, Karolina Bolesta, Serena Versino, Irene Zanardi, Monica Landoni<\/td>\n<\/tr>\n<tr>\n<td><a href=\"https:\/\/womencourage.acm.org\/2023\/wp-content\/uploads\/2023\/06\/womencourage2023-posters-paper93.pdf\">#93 Deriving Test Input Generators Through Program Inversion<\/a><\/td>\n<td>Sophie Bosio<\/td>\n<\/tr>\n<tr>\n<td><a href=\"https:\/\/womencourage.acm.org\/2023\/wp-content\/uploads\/2023\/06\/womencourage2023-posters-paper108.pdf\">#108 Memory Association Test (MAT): A memory game designed to help teachers reflect on their own implicit biases in the classroom<\/a><\/td>\n<td>Catarina Carvalho Morais, Irene Zanardi, Monica Landoni<\/td>\n<\/tr>\n<tr>\n<td><a href=\"https:\/\/womencourage.acm.org\/2023\/wp-content\/uploads\/2023\/06\/womencourage2023-posters-paper115-2-1.pdf\">#115 Project Science with the Caboclas Kirimbaua Auaet\u00e9: undertaken actions in the context of Higher in the state of Amazonas, Brazil<\/a><\/td>\n<td>Beatriz Rodrigues, In\u00eas Padilha, Juliana Miranda<\/td>\n<\/tr>\n<\/tbody>\n<\/table>\n","protected":false},"excerpt":{"rendered":"<p>Poster Session 1, 22 September 2023, 11.00-11.40 Poster title \/ Abstract Authors #1 Exploring the Effects of the Hedy User Interface on the Development of CS Interest in Girls Shirley de Wit, Felienne Hermans, Marcus Specht, Efthimia Aivaloglou #14 Bridging Disciplines with Visualization: Fostering Interdisciplinary Collaboration in Computer Science and Beyond with Design Studies Yiwen [&hellip;]<\/p>\n","protected":false},"author":2,"featured_media":0,"parent":69,"menu_order":0,"comment_status":"closed","ping_status":"closed","template":"","meta":{"footnotes":""},"class_list":["post-923","page","type-page","status-publish","hentry"],"_links":{"self":[{"href":"https:\/\/womencourage.acm.org\/2023\/wp-json\/wp\/v2\/pages\/923","targetHints":{"allow":["GET"]}}],"collection":[{"href":"https:\/\/womencourage.acm.org\/2023\/wp-json\/wp\/v2\/pages"}],"about":[{"href":"https:\/\/womencourage.acm.org\/2023\/wp-json\/wp\/v2\/types\/page"}],"author":[{"embeddable":true,"href":"https:\/\/womencourage.acm.org\/2023\/wp-json\/wp\/v2\/users\/2"}],"replies":[{"embeddable":true,"href":"https:\/\/womencourage.acm.org\/2023\/wp-json\/wp\/v2\/comments?post=923"}],"version-history":[{"count":16,"href":"https:\/\/womencourage.acm.org\/2023\/wp-json\/wp\/v2\/pages\/923\/revisions"}],"predecessor-version":[{"id":1150,"href":"https:\/\/womencourage.acm.org\/2023\/wp-json\/wp\/v2\/pages\/923\/revisions\/1150"}],"up":[{"embeddable":true,"href":"https:\/\/womencourage.acm.org\/2023\/wp-json\/wp\/v2\/pages\/69"}],"wp:attachment":[{"href":"https:\/\/womencourage.acm.org\/2023\/wp-json\/wp\/v2\/media?parent=923"}],"curies":[{"name":"wp","href":"https:\/\/api.w.org\/{rel}","templated":true}]}}