{"id":1008,"date":"2023-06-06T14:17:21","date_gmt":"2023-06-06T14:17:21","guid":{"rendered":"https:\/\/womencourage.acm.org\/2023\/?page_id=1008"},"modified":"2023-07-05T19:58:29","modified_gmt":"2023-07-05T19:58:29","slug":"scholarship-evaluation-committee","status":"publish","type":"page","link":"https:\/\/womencourage.acm.org\/2023\/scholarship-evaluation-committee\/","title":{"rendered":"Evaluation committees"},"content":{"rendered":"<div id=\"ez-toc-container\" class=\"ez-toc-v2_0_49 counter-hierarchy ez-toc-counter ez-toc-grey ez-toc-container-direction\">\n<div class=\"ez-toc-title-container\">\n<p class=\"ez-toc-title\">Table of Contents<\/p>\n<span class=\"ez-toc-title-toggle\"><a href=\"#\" class=\"ez-toc-pull-right ez-toc-btn ez-toc-btn-xs ez-toc-btn-default ez-toc-toggle\" aria-label=\"ez-toc-toggle-icon-1\"><label for=\"item-69e431031953d\" aria-label=\"Table of Content\"><span style=\"display: flex;align-items: center;width: 35px;height: 30px;justify-content: center;direction:ltr;\"><svg style=\"fill: #999;color:#999\" xmlns=\"http:\/\/www.w3.org\/2000\/svg\" class=\"list-377408\" width=\"20px\" height=\"20px\" viewBox=\"0 0 24 24\" fill=\"none\"><path d=\"M6 6H4v2h2V6zm14 0H8v2h12V6zM4 11h2v2H4v-2zm16 0H8v2h12v-2zM4 16h2v2H4v-2zm16 0H8v2h12v-2z\" fill=\"currentColor\"><\/path><\/svg><svg style=\"fill: #999;color:#999\" class=\"arrow-unsorted-368013\" xmlns=\"http:\/\/www.w3.org\/2000\/svg\" width=\"10px\" height=\"10px\" viewBox=\"0 0 24 24\" version=\"1.2\" baseProfile=\"tiny\"><path d=\"M18.2 9.3l-6.2-6.3-6.2 6.3c-.2.2-.3.4-.3.7s.1.5.3.7c.2.2.4.3.7.3h11c.3 0 .5-.1.7-.3.2-.2.3-.5.3-.7s-.1-.5-.3-.7zM5.8 14.7l6.2 6.3 6.2-6.3c.2-.2.3-.5.3-.7s-.1-.5-.3-.7c-.2-.2-.4-.3-.7-.3h-11c-.3 0-.5.1-.7.3-.2.2-.3.5-.3.7s.1.5.3.7z\"\/><\/svg><\/span><\/label><input  type=\"checkbox\" id=\"item-69e431031953d\"><\/a><\/span><\/div>\n<nav><ul class='ez-toc-list ez-toc-list-level-1 ' ><li class='ez-toc-page-1 ez-toc-heading-level-1'><a class=\"ez-toc-link ez-toc-heading-1\" href=\"https:\/\/womencourage.acm.org\/2023\/scholarship-evaluation-committee\/#Scholarship_evaluation_committee\" title=\"Scholarship evaluation committee\">Scholarship evaluation committee<\/a><\/li><li class='ez-toc-page-1 ez-toc-heading-level-1'><a class=\"ez-toc-link ez-toc-heading-2\" href=\"https:\/\/womencourage.acm.org\/2023\/scholarship-evaluation-committee\/#Poster_evaluation_committee\" title=\"Poster evaluation committee\">Poster evaluation committee<\/a><\/li><li class='ez-toc-page-1 ez-toc-heading-level-1'><a class=\"ez-toc-link ez-toc-heading-3\" href=\"https:\/\/womencourage.acm.org\/2023\/scholarship-evaluation-committee\/#Workshop_evaluation_committee\" title=\"Workshop evaluation committee\">Workshop evaluation committee<\/a><\/li><\/ul><\/nav><\/div>\n<h1><span class=\"ez-toc-section\" id=\"Scholarship_evaluation_committee\"><\/span>Scholarship evaluation committee<span class=\"ez-toc-section-end\"><\/span><\/h1>\n<p>&nbsp;<\/p>\n<table>\n<tbody>\n<tr>\n<th>Name<\/th>\n<th>University<\/th>\n<\/tr>\n<tr>\n<td>Cec\u00edlia Sik-L\u00e1nyi<\/td>\n<td>University of Pannonia<\/td>\n<\/tr>\n<tr>\n<td>Snezhana Kostova<\/td>\n<td>Bulgarian Academy of Sciences<\/td>\n<\/tr>\n<tr>\n<td>Prof Ouriel Grynszpan<\/td>\n<td>Universit\u00e9 Paris-Saclay<\/td>\n<\/tr>\n<tr>\n<td>Anna Lekova<\/td>\n<td>Bulgarian Academy of Sciences<\/td>\n<\/tr>\n<tr>\n<td>Milana Grbi\u0107<\/td>\n<td>University of Banja Luka<\/td>\n<\/tr>\n<tr>\n<td>\u00c0ngela Nebot<\/td>\n<td>Polytechnical University of Catalonia<\/td>\n<\/tr>\n<tr>\n<td>Tiziana Catarci<\/td>\n<td>Sapienza University of Rome<\/td>\n<\/tr>\n<tr>\n<td>Chiara Bordin<\/td>\n<td>The Arctic University of Norway<\/td>\n<\/tr>\n<tr>\n<td>Fanni Bob\u00e1k<\/td>\n<td>Ex Ante Consulting Ltd.<\/td>\n<\/tr>\n<tr>\n<td>Karima Boudaoud<\/td>\n<td>University of Nice Sophia Antipolis<\/td>\n<\/tr>\n<tr>\n<td>Anna Sigridur Islind<\/td>\n<td>Reykjavik University<\/td>\n<\/tr>\n<tr>\n<td>Lillian Buus<\/td>\n<td>VIA University Collage<\/td>\n<\/tr>\n<tr>\n<td>Monica Landoni<\/td>\n<td>Universit\u00e0 della Svizzera italiana (USI)<\/td>\n<\/tr>\n<tr>\n<td>Sobah Abbas Petersen<\/td>\n<td>Norwegian University of Science and Technology (NTNU)<\/td>\n<\/tr>\n<tr>\n<td>Salah Uddin Ahmed<\/td>\n<td>USN School Of Business<\/td>\n<\/tr>\n<tr>\n<td>Juan Carlos Torrado Vidal<\/td>\n<td>H\u00f8gskolen I \u00d8stfold<\/td>\n<\/tr>\n<tr>\n<td>Ilias Pappas<\/td>\n<td>University of Agder (UiA)<\/td>\n<\/tr>\n<tr>\n<td>Aparna Chirumamilla<\/td>\n<td>Norwegian University of Science and Technology (NTNU)<\/td>\n<\/tr>\n<tr>\n<td>Monica Divitini<\/td>\n<td>Norwegian University of Science and Technology (NTNU)<\/td>\n<\/tr>\n<tr>\n<td>Lucia Happe<\/td>\n<td>Karlsruhe Institute of Technology<\/td>\n<\/tr>\n<tr>\n<td>Deepti Mishra<\/td>\n<td>Norwegian University of Science and Technology (NTNU)<\/td>\n<\/tr>\n<\/tbody>\n<\/table>\n<p>&nbsp;<\/p>\n<p>&nbsp;<\/p>\n<h1><span class=\"ez-toc-section\" id=\"Poster_evaluation_committee\"><\/span>Poster evaluation committee<span class=\"ez-toc-section-end\"><\/span><\/h1>\n<table>\n<tbody>\n<tr>\n<th>Name<\/th>\n<th>University, country<\/th>\n<\/tr>\n<tr>\n<td>Rukiye Altin<\/td>\n<td>Christian-Albrechts-Universit\u00e4t zu Kiel, Germany<\/td>\n<\/tr>\n<tr>\n<td>Hafiz Areeb Asad<\/td>\n<td>Norwegian University of Science and Technology (NTNU), Norway<\/td>\n<\/tr>\n<tr>\n<td>Pia Bauspie\u00df<\/td>\n<td>Norwegian University of Science and Technology (NTNU), Norway<\/td>\n<\/tr>\n<tr>\n<td>Karolina Bolesta<\/td>\n<td>Warsaw School of Economics, Poland<\/td>\n<\/tr>\n<tr>\n<td>Karima Boudaoud<\/td>\n<td>University C\u00f4te d\u2019Azur, France<\/td>\n<\/tr>\n<tr>\n<td>Gy\u00f6ngyi Bujdos\u00f3<\/td>\n<td>University of Debrecen, Hungary<\/td>\n<\/tr>\n<tr>\n<td>Antinisca Di Marco<\/td>\n<td>Universit\u00e0 of L&#8217;Aquila, Italy<\/td>\n<\/tr>\n<tr>\n<td>Gordana Dodig Crnkovic<\/td>\n<td>M\u00e4lardalen University and Chalmers University of Technology, Sweden<\/td>\n<\/tr>\n<tr>\n<td>Vahiny Gnanasekaran<\/td>\n<td>Norwegian University of Science and Technology (NTNU), Norway<\/td>\n<\/tr>\n<tr>\n<td>Sonu Jha<\/td>\n<td>Norwegian University of Science and Technology (NTNU), Norway<\/td>\n<\/tr>\n<tr>\n<td>Gert Kappel<\/td>\n<td>TU Wien, Austria<\/td>\n<\/tr>\n<tr>\n<td>Jonathan Komada Eriksen<\/td>\n<td>Norwegian University of Science and Technology (NTNU), Norway<\/td>\n<\/tr>\n<tr>\n<td>Stanislav Lange<\/td>\n<td>Norwegian University of Science and Technology (NTNU), Norway<\/td>\n<\/tr>\n<tr>\n<td>Petroula Mavrikiou<\/td>\n<td>Frederick University, Cyprus<\/td>\n<\/tr>\n<tr>\n<td>Simona Motogna<\/td>\n<td>Babes-Bolyai University, Romania<\/td>\n<\/tr>\n<tr>\n<td>Lili Nemec Zlatolas<\/td>\n<td>University of Maribor, Slovenia<\/td>\n<\/tr>\n<tr>\n<td>Lea N\u00fcrnberger<\/td>\n<td>Norwegian University of Science and Technology (NTNU), Norway<\/td>\n<\/tr>\n<tr>\n<td>Birgit Penzenstadler<\/td>\n<td>Chalmers and Lappeenranta, Sweden and Finland<\/td>\n<\/tr>\n<tr>\n<td>Paloma D\u00edaz P\u00e9rez<\/td>\n<td>Universidad Carlos III de Madrid, Spain<\/td>\n<\/tr>\n<tr>\n<td>Elisa Rubegni<\/td>\n<td>Lancaster University, UK<\/td>\n<\/tr>\n<tr>\n<td>Ute Schmid<\/td>\n<td>University of Bamberg, Germany<\/td>\n<\/tr>\n<tr>\n<td>Paula Alexandra Silva<\/td>\n<td>University of Coimbra, Portugal<\/td>\n<\/tr>\n<tr>\n<td>Sahana Sridhar<\/td>\n<td>Norwegian University of Science and Technology (NTNU), Norway<\/td>\n<\/tr>\n<tr>\n<td>Chris Staff<\/td>\n<td>South East Technological University, Ireland<\/td>\n<\/tr>\n<tr>\n<td>Rabail Tahir<\/td>\n<td>Norwegian University of Science and Technology (NTNU), Norway<\/td>\n<\/tr>\n<tr>\n<td>Fatima Urooj<\/td>\n<td>Norwegian University of Science and Technology (NTNU), Norway<\/td>\n<\/tr>\n<tr>\n<td>Andreea Vescan<\/td>\n<td>Babes-Bolyai University, Romania<\/td>\n<\/tr>\n<tr>\n<td>Kaja Fj\u00f8rtoft Ystgaard<\/td>\n<td>Norwegian University of Science and Technology (NTNU), Norway<\/td>\n<\/tr>\n<tr>\n<td>Anja Petkovi\u0107 Komel<\/td>\n<td>TU Wien, Austria<\/td>\n<\/tr>\n<\/tbody>\n<\/table>\n<p>&nbsp;<\/p>\n<p>&nbsp;<\/p>\n<h1><span class=\"ez-toc-section\" id=\"Workshop_evaluation_committee\"><\/span>Workshop evaluation committee<span class=\"ez-toc-section-end\"><\/span><\/h1>\n<table>\n<tbody>\n<tr>\n<th>Name<\/th>\n<th>University, country<\/th>\n<\/tr>\n<tr>\n<td>Angelika Kaplan<\/td>\n<td>Karlsruhe Institute of Technology (KIT), Germany<\/td>\n<\/tr>\n<tr>\n<td>Bet\u00fcl Ayd\u0131n<\/td>\n<td>S\u00fcleyman Demirel \u00dcniversitesi (SDU), Turkey<\/td>\n<\/tr>\n<tr>\n<td>Gy\u00f6ngyi Bujdos\u00f3<\/td>\n<td>University of Debrecen (UniDeb), Hungary<\/td>\n<\/tr>\n<tr>\n<td>Lili Nemec Zlatolas<\/td>\n<td>Univerza v Mariboru (UM), Slovenia<\/td>\n<\/tr>\n<tr>\n<td>Monica Landoni<\/td>\n<td>Universit\u00e0 della Svizzera Italiana (USI), Switzerland<\/td>\n<\/tr>\n<tr>\n<td>Paloma Diaz<\/td>\n<td>Universidad Carlos III de Madrid (UC3M), Spain<\/td>\n<\/tr>\n<tr>\n<td>Suela Maxhelaku<\/td>\n<td>University of Tirana (UniTir), Albania<\/td>\n<\/tr>\n<\/tbody>\n<\/table>\n<p>&nbsp;<\/p>\n","protected":false},"excerpt":{"rendered":"<p>Scholarship evaluation committee &nbsp; Name University Cec\u00edlia Sik-L\u00e1nyi University of Pannonia Snezhana Kostova Bulgarian Academy of Sciences Prof Ouriel Grynszpan Universit\u00e9 Paris-Saclay Anna Lekova Bulgarian Academy of Sciences Milana Grbi\u0107 University of Banja Luka \u00c0ngela Nebot Polytechnical University of Catalonia Tiziana Catarci Sapienza University of Rome Chiara Bordin The Arctic University of Norway Fanni Bob\u00e1k [&hellip;]<\/p>\n","protected":false},"author":2,"featured_media":0,"parent":0,"menu_order":0,"comment_status":"closed","ping_status":"closed","template":"","meta":{"footnotes":""},"class_list":["post-1008","page","type-page","status-publish","hentry"],"_links":{"self":[{"href":"https:\/\/womencourage.acm.org\/2023\/wp-json\/wp\/v2\/pages\/1008","targetHints":{"allow":["GET"]}}],"collection":[{"href":"https:\/\/womencourage.acm.org\/2023\/wp-json\/wp\/v2\/pages"}],"about":[{"href":"https:\/\/womencourage.acm.org\/2023\/wp-json\/wp\/v2\/types\/page"}],"author":[{"embeddable":true,"href":"https:\/\/womencourage.acm.org\/2023\/wp-json\/wp\/v2\/users\/2"}],"replies":[{"embeddable":true,"href":"https:\/\/womencourage.acm.org\/2023\/wp-json\/wp\/v2\/comments?post=1008"}],"version-history":[{"count":7,"href":"https:\/\/womencourage.acm.org\/2023\/wp-json\/wp\/v2\/pages\/1008\/revisions"}],"predecessor-version":[{"id":1056,"href":"https:\/\/womencourage.acm.org\/2023\/wp-json\/wp\/v2\/pages\/1008\/revisions\/1056"}],"wp:attachment":[{"href":"https:\/\/womencourage.acm.org\/2023\/wp-json\/wp\/v2\/media?parent=1008"}],"curies":[{"name":"wp","href":"https:\/\/api.w.org\/{rel}","templated":true}]}}