{"id":323,"date":"2021-01-18T15:39:35","date_gmt":"2021-01-18T15:39:35","guid":{"rendered":"https:\/\/womencourage.acm.org\/2021\/?page_id=323"},"modified":"2021-07-11T21:12:28","modified_gmt":"2021-07-11T21:12:28","slug":"scholarship-evaluation-committee","status":"publish","type":"page","link":"https:\/\/womencourage.acm.org\/2021\/scholarship-evaluation-committee\/","title":{"rendered":"Scholarship Evaluation Committee"},"content":{"rendered":"\n<h2>Scholarship Evaluation Committee<\/h2>\n\n\n\n<figure class=\"wp-block-table\"><table><tbody><tr><td><strong>Name<\/strong><\/td><td><strong>Affiliation<\/strong><\/td><\/tr><tr><td>Nigel NEWBUTT<\/td><td>University of the West of England, Bristol, UK<\/td><\/tr><tr><td>Cecilia SIK-LANYI<\/td><td>University of Pannonia, Hungary<\/td><\/tr><tr><td>Snezhana KOSTOVA<\/td><td>Bulgarian Academy of Sciences, Bulgaria<\/td><\/tr><tr><td>Zdenko KOVACIC<\/td><td>University of Zagreb, Croatia<\/td><\/tr><tr><td>\u00d6zge MISIRLI<\/td><td>Eski\u015fehir Osmangazi University, Turkey<\/td><\/tr><tr><td>Veronika SZUCS<\/td><td>University of Pannonia, Hungary<\/td><\/tr><tr><td>Milana Grbic<\/td><td>University of Banja Luka, Bosnia and Herzegovina<\/td><\/tr><tr><td>\u00c0ngela NEBOT<\/td><td>Polytechnical University of Catalonia, Spain<\/td><\/tr><tr><td>Tiziana CATARCI<\/td><td>University of Rome, Italy<\/td><\/tr><tr><td>Chiara Bordin<\/td><td>The Arctic University of Norway, Norway<\/td><\/tr><tr><td>Fanni Bob\u00e1k<\/td><td>HEFTA, Hungary<\/td><\/tr><tr><td>Karima Boudaoud<\/td><td>University of Nice Sophia Antipolis, France<\/td><\/tr><tr><td>Burcu Habipo\u011flu<\/td><td>Abilis Solutions Inc., Turkey<\/td><\/tr><tr><td>Elisa Rubegni&nbsp;<\/td><td>Lancaster Univ., UK<\/td><\/tr><tr><td>Lee Sharir&nbsp;<\/td><td>Israeli Smart Cities Institute, Israel<\/td><\/tr><tr><td>Nirmalie Wiratunga<\/td><td>Robert Gordon University, UK<\/td><\/tr><tr><td>Niki Panteli<\/td><td>Royal Holloway University &amp; Norwegian University of Science and Technology, UK<\/td><\/tr><tr><td>Patrizio Pelliccione<\/td><td>Gran Sasso Science Institute, Italy&nbsp;<\/td><\/tr><tr><td>I\u015f\u0131l Kabak\u00e7\u0131 Yurdakul<\/td><td>Anadolu University, Turkey<\/td><\/tr><tr><td>Raffaela Mirandola<\/td><td>Politecnico di Milano, Italy<\/td><\/tr><tr><td>Maleknaz Nayebi<\/td><td>York University, Canada<\/td><\/tr><tr><td>Lillian Buus<\/td><td>VIA University Collage, Denmark<\/td><\/tr><tr><td>Anna Sigridur Islind<\/td><td>Reykjavik University, Iceland<\/td><\/tr><tr><td>Patricia Lago<\/td><td>Amsterdam Vrje University, Netherlands<\/td><\/tr><\/tbody><\/table><\/figure>\n","protected":false},"excerpt":{"rendered":"<p>Scholarship Evaluation Committee Name Affiliation Nigel NEWBUTT University of the West of England, Bristol, UK Cecilia SIK-LANYI University of Pannonia, Hungary Snezhana KOSTOVA Bulgarian Academy of Sciences, Bulgaria Zdenko KOVACIC University of Zagreb, Croatia \u00d6zge MISIRLI Eski\u015fehir Osmangazi University, Turkey Veronika SZUCS University of Pannonia, Hungary Milana Grbic University of Banja Luka, Bosnia and Herzegovina [&hellip;]<\/p>\n","protected":false},"author":3,"featured_media":0,"parent":0,"menu_order":0,"comment_status":"closed","ping_status":"closed","template":"","meta":[],"_links":{"self":[{"href":"https:\/\/womencourage.acm.org\/2021\/wp-json\/wp\/v2\/pages\/323"}],"collection":[{"href":"https:\/\/womencourage.acm.org\/2021\/wp-json\/wp\/v2\/pages"}],"about":[{"href":"https:\/\/womencourage.acm.org\/2021\/wp-json\/wp\/v2\/types\/page"}],"author":[{"embeddable":true,"href":"https:\/\/womencourage.acm.org\/2021\/wp-json\/wp\/v2\/users\/3"}],"replies":[{"embeddable":true,"href":"https:\/\/womencourage.acm.org\/2021\/wp-json\/wp\/v2\/comments?post=323"}],"version-history":[{"count":5,"href":"https:\/\/womencourage.acm.org\/2021\/wp-json\/wp\/v2\/pages\/323\/revisions"}],"predecessor-version":[{"id":877,"href":"https:\/\/womencourage.acm.org\/2021\/wp-json\/wp\/v2\/pages\/323\/revisions\/877"}],"wp:attachment":[{"href":"https:\/\/womencourage.acm.org\/2021\/wp-json\/wp\/v2\/media?parent=323"}],"curies":[{"name":"wp","href":"https:\/\/api.w.org\/{rel}","templated":true}]}}