{"id":315,"date":"2021-01-21T17:48:16","date_gmt":"2021-01-21T17:48:16","guid":{"rendered":"https:\/\/womencourage.acm.org\/2021\/?page_id=315"},"modified":"2021-09-05T19:55:07","modified_gmt":"2021-09-05T19:55:07","slug":"organizing-committee","status":"publish","type":"page","link":"https:\/\/womencourage.acm.org\/2021\/organizing-committee\/","title":{"rendered":"Organizing Committee"},"content":{"rendered":"\n<h2>womENcourage 2021 Organizing Committee<\/h2>\n\n\n\n<p><strong>Conference (General) Chairs<\/strong><\/p>\n\n\n\n<ul><li>Barbora Buhnova (Masaryk University, Czech Republic)<\/li><li>Olga Maximov\u00e1 (Czechitas, Czech Republic)<\/li><\/ul>\n\n\n\n<p><strong>Program Chair<\/strong><\/p>\n\n\n\n<ul><li>Dita Form\u00e1nkov\u00e1 (Avast &amp; Czechitas, Czech Republic)<\/li><\/ul>\n\n\n\n<p><strong>Poster Chairs<\/strong><\/p>\n\n\n\n<ul><li>Alexander Serebrenik (Eindhoven University of Technology, Netherlands)<\/li><li>Federica Sarro (University College London, UK)<\/li><\/ul>\n\n\n\n<p><strong>Workshop and Tutorial Chairs<\/strong><\/p>\n\n\n\n<ul><li>Lucia Happe (Karlsruhe Institute of Technology, Germany)<\/li><li>Monica Landoni (Universit\u00e0 della Svizzera italiana, Switzerland)<\/li><\/ul>\n\n\n\n<p><strong>Career Fair Chairs<\/strong><\/p>\n\n\n\n<ul><li>Monika Pt\u00e1\u010dn\u00edkov\u00e1 (Czechitas, Czech Republic)\u00a0<\/li><\/ul>\n\n\n\n<p><strong>Hackathon Chairs<\/strong><\/p>\n\n\n\n<ul><li>Kate\u0159ina Pol\u00e1kov\u00e1 (wITches, Czech Republic)<\/li><li>Tereza Nedjalkov\u00e1 (Czechitas, Czech Republic)<\/li><li>Monika Kovacovska (Global Exec, Slovakia)&nbsp;<\/li><\/ul>\n\n\n\n<p><strong>Scholarship Chairs<\/strong><\/p>\n\n\n\n<ul><li>Letizia Jaccheri (Norwegian University of Science and Technology, Norway)<\/li><li>Zeynep \u015eahin Timar (Karadeniz Technical University, Turkey)<\/li><\/ul>\n\n\n\n<p><strong>Local Arrangements Chair<\/strong><\/p>\n\n\n\n<ul><li>Anna Mai (Czechitas, Czech Republic)<\/li><li>Barbora Fry\u010dov\u00e1 (Guarant, Czech Republic)<\/li><\/ul>\n\n\n\n<p><strong>Publicity Chairs<\/strong><\/p>\n\n\n\n<ul><li>Marek Sedl\u00e1k (Czechitas, Czech Republic)<\/li><li>Sue Black (Durham University, UK)<\/li><\/ul>\n\n\n\n<p><strong>Supporters Chairs<\/strong><\/p>\n\n\n\n<ul><li>Jana M\u00e9szarosov\u00e1 (Czechitas, Czech Republic)<\/li><li>Ryan Tuner (Business English for NGOs)<\/li><\/ul>\n\n\n\n<p><strong>Registration <strong>and Virtualization<\/strong> Chair<\/strong><\/p>\n\n\n\n<ul><li>Barbora Fry\u010dov\u00e1 (Guarant, Czech Republic)<\/li><li>Krist\u00edna \u010c\u00e1stkov\u00e1 (Guarant, Czech Republic)<\/li><\/ul>\n\n\n\n<p><strong>Finance Chair<\/strong><\/p>\n\n\n\n<ul><li>Kate\u0159ina Reiglov\u00e1 (Czechitas, Czech Republic)<\/li><\/ul>\n","protected":false},"excerpt":{"rendered":"<p>womENcourage 2021 Organizing Committee Conference (General) Chairs Barbora Buhnova (Masaryk University, Czech Republic) Olga Maximov\u00e1 (Czechitas, Czech Republic) Program Chair Dita Form\u00e1nkov\u00e1 (Avast &amp; Czechitas, Czech Republic) Poster Chairs Alexander Serebrenik (Eindhoven University of Technology, Netherlands) Federica Sarro (University College London, UK) Workshop and Tutorial Chairs Lucia Happe (Karlsruhe Institute of Technology, Germany) Monica Landoni [&hellip;]<\/p>\n","protected":false},"author":3,"featured_media":0,"parent":0,"menu_order":0,"comment_status":"closed","ping_status":"closed","template":"","meta":[],"_links":{"self":[{"href":"https:\/\/womencourage.acm.org\/2021\/wp-json\/wp\/v2\/pages\/315"}],"collection":[{"href":"https:\/\/womencourage.acm.org\/2021\/wp-json\/wp\/v2\/pages"}],"about":[{"href":"https:\/\/womencourage.acm.org\/2021\/wp-json\/wp\/v2\/types\/page"}],"author":[{"embeddable":true,"href":"https:\/\/womencourage.acm.org\/2021\/wp-json\/wp\/v2\/users\/3"}],"replies":[{"embeddable":true,"href":"https:\/\/womencourage.acm.org\/2021\/wp-json\/wp\/v2\/comments?post=315"}],"version-history":[{"count":6,"href":"https:\/\/womencourage.acm.org\/2021\/wp-json\/wp\/v2\/pages\/315\/revisions"}],"predecessor-version":[{"id":1032,"href":"https:\/\/womencourage.acm.org\/2021\/wp-json\/wp\/v2\/pages\/315\/revisions\/1032"}],"wp:attachment":[{"href":"https:\/\/womencourage.acm.org\/2021\/wp-json\/wp\/v2\/media?parent=315"}],"curies":[{"name":"wp","href":"https:\/\/api.w.org\/{rel}","templated":true}]}}