{"id":313,"date":"2021-01-18T15:33:59","date_gmt":"2021-01-18T15:33:59","guid":{"rendered":"https:\/\/womencourage.acm.org\/2021\/?page_id=313"},"modified":"2021-09-05T22:33:25","modified_gmt":"2021-09-05T22:33:25","slug":"organizing-team","status":"publish","type":"page","link":"https:\/\/womencourage.acm.org\/2021\/organizing-team\/","title":{"rendered":"Organizing Team"},"content":{"rendered":"\n<h1>Organizing Team<\/h1>\n\n\n\n<h2>womENcourage 2021 Organizing Committee<\/h2>\n\n\n<h3>Conference (General) Chairs<\/h3>\n<table class=\"basic\" style=\"width: 100%; max-width: 204px; float: left!important; clear: none!important; margin: 0 0 20px 0;\" cellspacing=\"1\" cellpadding=\"1\">\n<tbody>\n<tr>\n<td style=\"padding: 0 24px 15px 24px; vertical-align: top; height: 152px;\"><img style=\"width: 152px; height: 152px;\" src=\"https:\/\/womencourage.acm.org\/2021\/wp-content\/uploads\/2021\/03\/buh-bar.jpg\" alt=\"\"><\/td>\n<\/tr>\n<tr>\n<td style=\"text-align: center!important; vertical-align: top;\"><b>Barbora B\u00fchnov\u00e1<\/b><br>Masaryk University<br>Czech Republic<\/td>\n<\/tr>\n<\/tbody>\n<\/table>\n<table class=\"basic\" style=\"width: 100%; max-width: 204px; float: left!important; clear: none!important; margin: 0 0 20px 0;\" cellspacing=\"1\" cellpadding=\"1\">\n<tbody>\n<tr>\n<td style=\"padding: 0 24px 15px 24px; vertical-align: top; height: 152px;\"><img style=\"width: 152px; height: 152px;\" src=\"https:\/\/womencourage.acm.org\/2021\/wp-content\/uploads\/2021\/03\/max-olg.jpg\" alt=\"\"><\/td>\n<\/tr>\n<tr>\n<td style=\"text-align: center!important; vertical-align: top;\"><b>Olga Maximov\u00e1<\/b><br>Czechitas<br>Czech Republic<\/td>\n<\/tr>\n<\/tbody>\n<\/table>\n<h3 style=\"clear: both;\">Program Chair<\/h3>\n<table class=\"basic\" style=\"width: 100%; max-width: 204px; float: left!important; clear: none!important; margin: 0 0 20px 0;\" cellspacing=\"1\" cellpadding=\"1\">\n<tbody>\n<tr>\n<td style=\"padding: 0 24px 15px 24px; vertical-align: top; height: 152px;\"><img style=\"width: 152px; height: 152px;\" src=\"https:\/\/womencourage.acm.org\/2021\/wp-content\/uploads\/2021\/03\/for-dit.jpg\" alt=\"\"><\/td>\n<\/tr>\n<tr>\n<td style=\"text-align: center!important; vertical-align: top;\"><b>Dita Form\u00e1nkov\u00e1<\/b><br>Avast &amp; Czechitas<br>Czech Republic<\/td>\n<\/tr>\n<\/tbody>\n<\/table>\n<h3 style=\"clear: both;\">Poster Chairs<\/h3>\n<table class=\"basic\" style=\"width: 100%; max-width: 204px; float: left!important; clear: none!important; margin: 0 0 20px 0;\" cellspacing=\"1\" cellpadding=\"1\">\n<tbody>\n<tr>\n<td style=\"padding: 0 24px 15px 24px; vertical-align: top; height: 152px;\"><img style=\"width: 152px; height: 152px;\" src=\"https:\/\/womencourage.acm.org\/2021\/wp-content\/uploads\/2021\/03\/ser-ale.jpg\" alt=\"\"><\/td>\n<\/tr>\n<tr>\n<td style=\"text-align: center!important; vertical-align: top;\"><b>Alexander Serebrenik<\/b><br>Eindhoven University<br>of Technology<br>the Netherlands<\/td>\n<\/tr>\n<\/tbody>\n<\/table>\n<table class=\"basic\" style=\"width: 100%; max-width: 204px; float: left!important; clear: none!important; margin: 0 0 20px 0;\" cellspacing=\"1\" cellpadding=\"1\">\n<tbody>\n<tr>\n<td style=\"padding: 0 24px 15px 24px; vertical-align: top; height: 152px;\"><img style=\"width: 152px; height: 152px;\" src=\"https:\/\/womencourage.acm.org\/2021\/wp-content\/uploads\/2021\/03\/sar-fed.jpg\" alt=\"\"><\/td>\n<\/tr>\n<tr>\n<td style=\"text-align: center!important; vertical-align: top;\"><b>Federica Sarro<\/b><br>University College London<br>UK<\/td>\n<\/tr>\n<\/tbody>\n<\/table>\n<h3 style=\"clear: both;\">Workshop and Tutorial Chairs<\/h3>\n<table class=\"basic\" style=\"width: 100%; max-width: 204px; float: left!important; clear: none!important; margin: 0 0 20px 0;\" cellspacing=\"1\" cellpadding=\"1\">\n<tbody>\n<tr>\n<td style=\"padding: 0 24px 15px 24px; vertical-align: top; height: 152px;\"><img style=\"width: 152px; height: 152px;\" src=\"https:\/\/womencourage.acm.org\/2021\/wp-content\/uploads\/2021\/03\/hap-luc.jpg\" alt=\"\"><\/td>\n<\/tr>\n<tr>\n<td style=\"text-align: center!important; vertical-align: top;\"><b>Lucia Happe<\/b><br>Karlsruhe Institute<br>of Technology<br>Germany<\/td>\n<\/tr>\n<\/tbody>\n<\/table>\n<table class=\"basic\" style=\"width: 100%; max-width: 204px; float: left!important; clear: none!important; margin: 0 0 20px 0;\" cellspacing=\"1\" cellpadding=\"1\">\n<tbody>\n<tr>\n<td style=\"padding: 0 24px 15px 24px; vertical-align: top; height: 152px;\"><img style=\"width: 152px; height: 152px;\" src=\"https:\/\/womencourage.acm.org\/2021\/wp-content\/uploads\/2021\/03\/lan-mon.jpg\" alt=\"\"><\/td>\n<\/tr>\n<tr>\n<td style=\"text-align: center!important; vertical-align: top;\"><b>Monica Landoni<\/b><br>Universit\u00e0 della<br>Svizzera italiana<br>Switzerland<\/td>\n<\/tr>\n<\/tbody>\n<\/table>\n<h3 style=\"clear: both;\">Career Fair Chair<\/h3>\n<table class=\"basic\" style=\"width: 100%; max-width: 204px; float: left!important; clear: none!important; margin: 0 0 20px 0;\" cellspacing=\"1\" cellpadding=\"1\">\n<tbody>\n<tr>\n<td style=\"padding: 0 24px 15px 24px; vertical-align: top; height: 152px;\"><img style=\"width: 152px; height: 152px;\" src=\"https:\/\/womencourage.acm.org\/2021\/wp-content\/uploads\/2021\/03\/pta-mon.jpg\" alt=\"\"><\/td>\n<\/tr>\n<tr>\n<td style=\"text-align: center!important; vertical-align: top;\"><b>Monika Pt\u00e1\u010dn\u00edkov\u00e1<\/b><br>Czechitas<br>Czech Republic<\/td>\n<\/tr>\n<\/tbody>\n<\/table>\n<h3 style=\"clear: both;\">Hackathon Chairs<\/h3>\n<table class=\"basic\" style=\"width: 100%; max-width: 204px; float: left!important; clear: none!important; margin: 0 0 20px 0;\" cellspacing=\"1\" cellpadding=\"1\">\n<tbody>\n<tr>\n<td style=\"padding: 0 24px 15px 24px; vertical-align: top; height: 152px;\"><img style=\"width: 152px; height: 152px;\" src=\"https:\/\/womencourage.acm.org\/2021\/wp-content\/uploads\/2021\/03\/pol-kat.jpg\" alt=\"\"><\/td>\n<\/tr>\n<tr>\n<td style=\"text-align: center!important; vertical-align: top;\"><b>Kate\u0159ina Pol\u00e1kov\u00e1<\/b><br>wITches<br>Czech Republic<\/td>\n<\/tr>\n<\/tbody>\n<\/table>\n<table class=\"basic\" style=\"width: 100%; max-width: 204px; float: left!important; clear: none!important; margin: 0 0 20px 0;\" cellspacing=\"1\" cellpadding=\"1\">\n<tbody>\n<tr>\n<td style=\"padding: 0 24px 15px 24px; vertical-align: top; height: 152px;\"><img style=\"width: 152px; height: 152px;\" src=\"https:\/\/womencourage.acm.org\/2021\/wp-content\/uploads\/2021\/03\/ned-ter.jpg\" alt=\"\"><\/td>\n<\/tr>\n<tr>\n<td style=\"text-align: center!important; vertical-align: top;\"><b>Tereza Nedjalkov\u00e1<\/b><br>Czechitas<br>Czech Republic<\/td>\n<\/tr>\n<\/tbody>\n<\/table>\n<table class=\"basic\" style=\"width: 100%; max-width: 204px; float: left!important; clear: none!important; margin: 0 0 20px 0;\" cellspacing=\"1\" cellpadding=\"1\">\n<tbody>\n<tr>\n<td style=\"padding: 0 24px 15px 24px; vertical-align: top; height: 152px;\"><img style=\"width: 152px; height: 152px;\" src=\"https:\/\/womencourage.acm.org\/2021\/wp-content\/uploads\/2021\/03\/kov-mon.jpg\" alt=\"\"><\/td>\n<\/tr>\n<tr>\n<td style=\"text-align: center!important; vertical-align: top;\"><b>Monika Kova\u010dovsk\u00e1<\/b><br>Global Exec<br>Slovakia<\/td>\n<\/tr>\n<\/tbody>\n<\/table>\n<h3 style=\"clear: both;\">Scholarship Chairs<\/h3>\n<table class=\"basic\" style=\"width: 100%; max-width: 204px; float: left!important; clear: none!important; margin: 0 0 20px 0;\" cellspacing=\"1\" cellpadding=\"1\">\n<tbody>\n<tr>\n<td style=\"padding: 0 24px 15px 24px; vertical-align: top; height: 152px;\"><img style=\"width: 152px; height: 152px;\" src=\"https:\/\/womencourage.acm.org\/2021\/wp-content\/uploads\/2021\/03\/jac-let.jpg\" alt=\"\"><\/td>\n<\/tr>\n<tr>\n<td style=\"text-align: center!important; vertical-align: top;\"><b>Letizia Jaccheri<\/b><br>Norwegian University<br>of Science and Technology<br>Norway<\/td>\n<\/tr>\n<\/tbody>\n<\/table>\n<table class=\"basic\" style=\"width: 100%; max-width: 204px; float: left!important; clear: none!important; margin: 0 0 20px 0;\" cellspacing=\"1\" cellpadding=\"1\">\n<tbody>\n<tr>\n<td style=\"padding: 0 24px 15px 24px; vertical-align: top; height: 152px;\"><img style=\"width: 152px; height: 152px;\" src=\"https:\/\/womencourage.acm.org\/2021\/wp-content\/uploads\/2021\/03\/tim-zey.jpg\" alt=\"\"><\/td>\n<\/tr>\n<tr>\n<td style=\"text-align: center!important; vertical-align: top;\"><b>Zeynep \u015eahin Timar<\/b><br>Karadeniz Technical University<br>Turkey<\/td>\n<\/tr>\n<\/tbody>\n<\/table>\n<h3 style=\"clear: both;\">Local Arrangements Chair<\/h3>\n<table class=\"basic\" style=\"width: 100%; max-width: 204px; float: left!important; clear: none!important; margin: 0 0 20px 0;\" cellspacing=\"1\" cellpadding=\"1\">\n<tbody>\n<tr>\n<td style=\"padding: 0 24px 15px 24px; vertical-align: top; height: 152px;\"><img style=\"width: 152px; height: 152px;\" src=\"https:\/\/womencourage.acm.org\/2021\/wp-content\/uploads\/2021\/03\/mai-ann.jpg\" alt=\"\"><\/td>\n<\/tr>\n<tr>\n<td style=\"text-align: center!important; vertical-align: top;\"><b>Anna Mai<\/b><br>Czechitas<br>Czech Republic<\/td>\n<\/tr>\n<\/tbody>\n<\/table>\n<h3 style=\"clear: both;\">Publicity Chairs<\/h3>\n<table class=\"basic\" style=\"width: 100%; max-width: 204px; float: left!important; clear: none!important; margin: 0 0 20px 0;\" cellspacing=\"1\" cellpadding=\"1\">\n<tbody>\n<tr>\n<td style=\"padding: 0 24px 15px 24px; vertical-align: top; height: 152px;\"><img style=\"width: 152px; height: 152px;\" src=\"https:\/\/womencourage.acm.org\/2021\/wp-content\/uploads\/2021\/03\/sed-mar.jpg\" alt=\"\"><\/td>\n<\/tr>\n<tr>\n<td style=\"text-align: center!important; vertical-align: top;\"><b>Marek Sedl\u00e1k<\/b><br>Czechitas<br>Czech Republic<\/td>\n<\/tr>\n<\/tbody>\n<\/table>\n<table class=\"basic\" style=\"width: 100%; max-width: 204px; float: left!important; clear: none!important; margin: 0 0 20px 0;\" cellspacing=\"1\" cellpadding=\"1\">\n<tbody>\n<tr>\n<td style=\"padding: 0 24px 15px 24px; vertical-align: top; height: 152px;\"><img style=\"width: 152px; height: 152px;\" src=\"https:\/\/womencourage.acm.org\/2021\/wp-content\/uploads\/2021\/03\/bla-sue.jpg\" alt=\"\"><\/td>\n<\/tr>\n<tr>\n<td style=\"text-align: center!important; vertical-align: top;\"><b>Sue Black<\/b><br>Durham University<br>UK<\/td>\n<\/tr>\n<\/tbody>\n<\/table>\n<h3 style=\"clear: both;\">Supporters Chairs<\/h3>\n<table class=\"basic\" style=\"width: 100%; max-width: 204px; float: left!important; clear: none!important; margin: 0 0 20px 0;\" cellspacing=\"1\" cellpadding=\"1\">\n<tbody>\n<tr>\n<td style=\"padding: 0 24px 15px 24px; vertical-align: top; height: 152px;\"><img style=\"width: 152px; height: 152px;\" src=\"https:\/\/womencourage.acm.org\/2021\/wp-content\/uploads\/2021\/03\/mes-jan.jpg\" alt=\"\"><\/td>\n<\/tr>\n<tr>\n<td style=\"text-align: center!important; vertical-align: top;\"><b>Jana M\u00e9szarosov\u00e1<\/b><br>Czechitas<br>Czech Republic<\/td>\n<\/tr>\n<\/tbody>\n<\/table>\n<table class=\"basic\" style=\"width: 100%; max-width: 204px; float: left!important; clear: none!important; margin: 0 0 20px 0;\" cellspacing=\"1\" cellpadding=\"1\">\n<tbody>\n<tr>\n<td style=\"padding: 0 24px 15px 24px; vertical-align: top; height: 152px;\"><img style=\"width: 152px; height: 152px;\" src=\"https:\/\/womencourage.acm.org\/2021\/wp-content\/uploads\/2021\/09\/ryan.png\" alt=\"\"><\/td>\n<\/tr>\n<tr>\n<td style=\"text-align: center!important; vertical-align: top;\"><b>Ryan Tuner<\/b><br>Business English for NGOs<\/td>\n<\/tr>\n<\/tbody>\n<\/table>\n<h3 style=\"clear: both;\">Registration and Virtualization Chair<\/h3>\n<table class=\"basic\" style=\"width: 100%; max-width: 204px; float: left!important; clear: none!important; margin: 0 0 20px 0;\" cellspacing=\"1\" cellpadding=\"1\">\n<tbody>\n<tr>\n<td style=\"padding: 0 24px 15px 24px; vertical-align: top; height: 152px;\"><img style=\"width: 152px; height: 152px;\" src=\"https:\/\/womencourage.acm.org\/2021\/wp-content\/uploads\/2021\/03\/fry-bar.jpg\" alt=\"\"><\/td>\n<\/tr>\n<tr>\n<td style=\"text-align: center!important; vertical-align: top;\"><b>Barbora Fry\u010dov\u00e1<\/b><br>GUARANT International<br>Czech Republic<\/td>\n<\/tr>\n<\/tbody>\n<\/table>\n<table class=\"basic\" style=\"width: 100%; max-width: 204px; float: left!important; clear: none!important; margin: 0 0 20px 0;\" cellspacing=\"1\" cellpadding=\"1\">\n<tbody>\n<tr>\n<td style=\"padding: 0 24px 15px 24px; vertical-align: top; height: 152px;\"><img style=\"width: 152px; height: 152px;\" src=\"https:\/\/womencourage.acm.org\/2021\/wp-content\/uploads\/2021\/09\/kristyna.png\" alt=\"\"><\/td>\n<\/tr>\n<tr>\n<td style=\"text-align: center!important; vertical-align: top;\"><b>Krist\u00edna \u010c\u00e1stkov\u00e1<\/b><br>GUARANT International<br>Czech Republic<\/td>\n<\/tr>\n<\/tbody>\n<\/table>\n<h3 style=\"clear: both;\">Finance Chair<\/h3>\n<table class=\"basic\" style=\"width: 100%; max-width: 204px; float: left!important; clear: none!important; margin: 0 0 20px 0;\" cellspacing=\"1\" cellpadding=\"1\">\n<tbody>\n<tr>\n<td style=\"padding: 0 24px 15px 24px; vertical-align: top; height: 152px;\"><img style=\"width: 152px; height: 152px;\" src=\"https:\/\/womencourage.acm.org\/2021\/wp-content\/uploads\/2021\/03\/rei-kat.jpg\" alt=\"\"><\/td>\n<\/tr>\n<tr>\n<td style=\"text-align: center!important; vertical-align: top;\"><b>Kate\u0159ina Reiglov\u00e1<\/b><br>Czechitas<br>Czech Republic<\/td>\n<\/tr>\n<\/tbody>\n<\/table>\n<h3 style=\"clear: both;\">Student Volunteer Chair<\/h3>\n<table class=\"basic\" style=\"width: 100%; max-width: 204px; float: left!important; clear: none!important; margin: 0 0 20px 0;\" cellspacing=\"1\" cellpadding=\"1\">\n<tbody>\n<tr>\n<td style=\"padding: 0 24px 15px 24px; vertical-align: top; height: 152px;\"><img style=\"width: 152px; height: 152px;\" src=\"https:\/\/womencourage.acm.org\/2021\/wp-content\/uploads\/2021\/07\/Emilia.png\" alt=\"\"><\/td>\n<\/tr>\n<tr>\n<td style=\"text-align: center!important; vertical-align: top;\"><b>Emilia Cioroaica<\/b><br>Fraunhofer IESE<br>Germany<\/td>\n<\/tr>\n<\/tbody>\n<\/table>\n<p style=\"clear: both;\">\n<\/p><p style=\"clear: both;\">\n<style>table.basic {border: none;} table.basic td, table.basic th {background: none; border: none; padding: 2px 0;}<\/style>\n<\/p>","protected":false},"excerpt":{"rendered":"<p>Organizing Team womENcourage 2021 Organizing Committee Conference (General) Chairs Barbora B\u00fchnov\u00e1Masaryk UniversityCzech Republic Olga Maximov\u00e1CzechitasCzech Republic Program Chair Dita Form\u00e1nkov\u00e1Avast &amp; CzechitasCzech Republic Poster Chairs Alexander SerebrenikEindhoven Universityof Technologythe Netherlands Federica SarroUniversity College LondonUK Workshop and Tutorial Chairs Lucia HappeKarlsruhe Instituteof TechnologyGermany Monica LandoniUniversit\u00e0 dellaSvizzera italianaSwitzerland Career Fair Chair Monika Pt\u00e1\u010dn\u00edkov\u00e1CzechitasCzech Republic Hackathon Chairs Kate\u0159ina [&hellip;]<\/p>\n","protected":false},"author":3,"featured_media":0,"parent":0,"menu_order":0,"comment_status":"closed","ping_status":"closed","template":"","meta":[],"_links":{"self":[{"href":"https:\/\/womencourage.acm.org\/2021\/wp-json\/wp\/v2\/pages\/313"}],"collection":[{"href":"https:\/\/womencourage.acm.org\/2021\/wp-json\/wp\/v2\/pages"}],"about":[{"href":"https:\/\/womencourage.acm.org\/2021\/wp-json\/wp\/v2\/types\/page"}],"author":[{"embeddable":true,"href":"https:\/\/womencourage.acm.org\/2021\/wp-json\/wp\/v2\/users\/3"}],"replies":[{"embeddable":true,"href":"https:\/\/womencourage.acm.org\/2021\/wp-json\/wp\/v2\/comments?post=313"}],"version-history":[{"count":14,"href":"https:\/\/womencourage.acm.org\/2021\/wp-json\/wp\/v2\/pages\/313\/revisions"}],"predecessor-version":[{"id":1036,"href":"https:\/\/womencourage.acm.org\/2021\/wp-json\/wp\/v2\/pages\/313\/revisions\/1036"}],"wp:attachment":[{"href":"https:\/\/womencourage.acm.org\/2021\/wp-json\/wp\/v2\/media?parent=313"}],"curies":[{"name":"wp","href":"https:\/\/api.w.org\/{rel}","templated":true}]}}