{"id":297,"date":"2020-12-13T20:16:51","date_gmt":"2020-12-13T20:16:51","guid":{"rendered":"https:\/\/womencourage.acm.org\/2021\/?page_id=297"},"modified":"2021-11-07T01:40:31","modified_gmt":"2021-11-07T01:40:31","slug":"keynotes-and-panels","status":"publish","type":"page","link":"https:\/\/womencourage.acm.org\/2021\/keynotes-and-panels\/","title":{"rendered":"Keynotes and Panels"},"content":{"rendered":"\n<h1>KEYNOTES AND PANEL DISCUSSIONS<\/h1>\n\n\n\n<h4><strong>KEYNOTE: Robotics and AI &#8211; State of the Art and Future Challenges<\/strong><\/h4>\n\n\n\n<h5>Wednesday, 22 September, 13:30 &#8211; 14:15 CEST<\/h5>\n\n\n\n<p><br><strong>Speaker:<\/strong> Danica Kragic, Professor at the School of Computer Science and Communication at the Royal Institute of Technology, KTH, Sweden<br><strong>Annotation:<\/strong> Building systems and machines that are autonomous and intelligent, taking over dirty, dull and dangerous jobs, has been an integral part of human history for a long time. Recent advances in robotics, artificial intelligence and machine learning have demonstrated how these can be utilized in development of technologies that exhibit rather advanced capabilities. In integration with human decision making and experience, artificial systems are today used to make diagnostics in health applications, make estimations of weather conditions to secure crops, provide more informed predictions of potential earthquakes, and more. Apart from purely software solutions, we are also seeing the beginning of more advanced hardware solutions, robotic systems that are equipped with various sensor technologies and are built to physically interact with humans at workplaces, and sometimes in the future, even our homes.&nbsp; The talk overviews our current work in this area.<\/p>\n\n\n\n<hr class=\"wp-block-separator is-style-wide\"\/>\n\n\n\n<h4><strong>KEYNOTE: Soma Design &#8211; Intertwining Aesthetics, Movement and Emotion in Design Work<\/strong><\/h4>\n\n\n\n<h5>Wednesday, 22 September, 14:15 &#8211; 15:00 CEST<\/h5>\n\n\n\n<p><br><strong>Speaker: <\/strong>Kia H\u00f6\u00f6k, professor in Interaction Design at KTH Royal Institute of Technology<br><strong>Annotation:<\/strong> We are at a watershed moment: our relationship to technology is about to undergo a dramatic and irreversible shift. With the rise of ubiquitous technology, data-driven design, and the Internet of Things, our interactions and our interfaces with technology will look radically different in the years ahead, incorporating changes like full body interaction, shape-changing interfaces, wearables, and body- and movement-tracking apps. I will discuss how we approach this challenge through Soma Design \u2014 a process that allows designers to examine and improve on connections between sensation, feeling, emotion, subjective understanding and values \u2014 and their relationships to technology. I will argue that by engaging in a soma design process we can better probe which designs lead to: deepened somatic awareness; social awareness of others in the environment and how they are affected by the human-technology assemblage; enactments of bodily freedoms rather than limitations; making norms explicit; engage with a pluralist feminist position on who we are designing for; aesthetic experience and expression; and, ultimately an aesthetic and ethical position on how to design for being human.<\/p>\n\n\n\n<hr class=\"wp-block-separator is-style-wide\"\/>\n\n\n\n<h4><strong>KEYNOTE: The Who, What, How of Software Engineering Research<\/strong><\/h4>\n\n\n\n<h5>Thursday, 23 September, 17:15 &#8211; 18:00 CEST<\/h5>\n\n\n\n<p><br><strong>Speaker:<\/strong> Margaret-Anne Storey, Professor of Computer Science, University of Victoria, Canada Research Chair in Human and Social Aspects of Software Engineering<br><strong>Annotation: <\/strong>Software engineering is a socio-technical endeavor, and while many of our contributions focus on technical aspects, human stakeholders such as software developers are directly affected by and can benefit from our research and tool innovations. But how much of our research addresses human and social issues, and how do we study human and social aspects in our research designs? In this talk I present the Who-What-How research framework and use the framework to show how there is a need for more diverse research strategies that aim at a deeper understanding of human and social aspects of software development practice to balance the design and evaluation of technical innovations. I will also share my journey in computer science and why this research topic is so important to me.&nbsp;<\/p>\n\n\n\n<hr class=\"wp-block-separator is-style-wide\"\/>\n\n\n\n<h4><strong>KEYNOTE: <strong>Our (cyber) secure future<\/strong><\/strong><\/h4>\n\n\n\n<h5>Thursday, 23 September, 18:15 &#8211; 19:00 CEST<\/h5>\n\n\n\n<p><br><strong>Speaker:<\/strong> Jaya Baloo, Chief Information Security Officer, Avast<br><strong>Annotation:<\/strong> To be announced&nbsp;<\/p>\n\n\n\n<hr class=\"wp-block-separator is-style-wide\"\/>\n\n\n\n<h4><strong>PANEL DISCUSSION: Opportunities for Women in Science, Technology and Innovations in Post-Covid Era <\/strong><\/h4>\n\n\n\n<h5>Wednesday, 22 September, 15:15 &#8211; 16:30 CEST<\/h5>\n\n\n\n<p><br><strong>Moderator:<\/strong> Dita Form\u00e1nkov\u00e1, Founder and Director Czechitas, Diversity&amp;Inclusion and Communities Director Avast<br><strong>Speakers:<\/strong><br>Justine Sass, Chief, Section of Education for Inclusion and Gender Equality, UNESCO<br>Lynda Hardman, Director of Amsterdam Data Science, Professor CWI, Netherlands<br>Lydia Logan, Global Vice President of Education, IBM<br><strong>Annotation:<\/strong> Disruptions caused by COVID-19 &#8211; both positive and negative &#8211; will shape the future progress and engagement of women in technology. Panelists will look at the progress achieved in empowering girls and women and reflect both, the opportunities in industries and the barriers that hold women from equally participating in science, technology and innovation and suggest how the existing interventions and initiatives should change accordingly to achieve better engagement of women in STEM careers.<\/p>\n\n\n\n<hr class=\"wp-block-separator is-style-wide\"\/>\n\n\n\n<h4><strong>PANEL DISCUSSION: Multidisciplinary Perspectives on Emerging Challenges and Opportunities of Artificial Intelligence<\/strong><\/h4>\n\n\n\n<h5>Thursday, 23 September, 13:10 &#8211; 14:15 CEST<\/h5>\n\n\n\n<p><br><br><strong>Moderator:<\/strong> Sara Polak, AI Ambassador prg.ai, Founder of Paioneers Lab Paralelni polis, Director czech.global, Founder of Anthropologica <strong><br>Speakers:<\/strong><br>Amina Crooks, AI Institute Director, Deloitte, Australia<br>Anja Volk, Associate Professor, Utrecht University, Netherlands<br>Tom\u00e1\u0161 Mikolov, Senior Researcher, Czech Institute of Informatics, Robotics and Cybernetics<br><strong>Annotation:<\/strong> Artificial intelligence is already disrupting every business process in every industry as it brings the transformative potential for the augmentation and also replacement of human tasks. It is becoming imperative for businesses that want to maintain a competitive edge as well as the tool for innovation and scaling an impact at the same time. The panel brings together the insights from leading experts to highlight the significant opportunities, realistic assessment of impact and challenges within a range of domains: healthcare, mobility, education, manufacturing, and finance??!<\/p>\n\n\n\n<hr class=\"wp-block-separator is-style-wide\"\/>\n\n\n\n<h4><strong>PANEL DISCUSSION: Competencies for the Future of Innovation<\/strong><\/h4>\n\n\n\n<h5>Friday, 24 September, 13:15 &#8211; 14:30 CEST<\/h5>\n\n\n\n<p><br><strong>Moderator:<\/strong> <br>Daria Hvizdalova, Head of Solutions at JHV-ENGINEERING, Partner &amp; Co-founder at Mainware<br><strong>Speakers:<\/strong> <br>Robert Campbell, Director, Head of Prague Technology Center at Barclays Investment<br>Barbara Sichler, Head of Software Engineering, \u0160KODA AUTO<br>Tom\u00e1\u0161 Szaszi, Director, Strategy &amp; Innovation, EMEA R&amp;D at Honeywell<br><strong>Annotation:<\/strong> The topic of the panel links to the theme of the conference, which is &#8220;Bridging Communities to Foster Innovation&#8221;. Namely, this year\u2019s ACM womENcourage 2021 is celebrating bridges built across boundaries of disciplines, inviting individuals with different talents and backgrounds to co-create tech-driven innovation across sectors. The panel will feature inspiring tech and innovation professionals, who lead their teams with future-oriented mindsets. We want to ask them what competencies they would like to have in their teams to keep or even improve their position on the market in the future. We want to learn about their experience with bridging communities in their teams, especially if their teams need to combine people with different backgrounds. We want to learn how they envision the perfect candidate they might be hiring in 5 or 10 years.<\/p>\n","protected":false},"excerpt":{"rendered":"<p>KEYNOTES AND PANEL DISCUSSIONS KEYNOTE: Robotics and AI &#8211; State of the Art and Future Challenges Wednesday, 22 September, 13:30 &#8211; 14:15 CEST Speaker: Danica Kragic, Professor at the School of Computer Science and Communication at the Royal Institute of Technology, KTH, SwedenAnnotation: Building systems and machines that are autonomous and intelligent, taking over dirty, [&hellip;]<\/p>\n","protected":false},"author":3,"featured_media":0,"parent":0,"menu_order":0,"comment_status":"closed","ping_status":"closed","template":"","meta":[],"_links":{"self":[{"href":"https:\/\/womencourage.acm.org\/2021\/wp-json\/wp\/v2\/pages\/297"}],"collection":[{"href":"https:\/\/womencourage.acm.org\/2021\/wp-json\/wp\/v2\/pages"}],"about":[{"href":"https:\/\/womencourage.acm.org\/2021\/wp-json\/wp\/v2\/types\/page"}],"author":[{"embeddable":true,"href":"https:\/\/womencourage.acm.org\/2021\/wp-json\/wp\/v2\/users\/3"}],"replies":[{"embeddable":true,"href":"https:\/\/womencourage.acm.org\/2021\/wp-json\/wp\/v2\/comments?post=297"}],"version-history":[{"count":14,"href":"https:\/\/womencourage.acm.org\/2021\/wp-json\/wp\/v2\/pages\/297\/revisions"}],"predecessor-version":[{"id":1137,"href":"https:\/\/womencourage.acm.org\/2021\/wp-json\/wp\/v2\/pages\/297\/revisions\/1137"}],"wp:attachment":[{"href":"https:\/\/womencourage.acm.org\/2021\/wp-json\/wp\/v2\/media?parent=297"}],"curies":[{"name":"wp","href":"https:\/\/api.w.org\/{rel}","templated":true}]}}